{"id":4107,"date":"2013-11-23T21:28:39","date_gmt":"2013-11-23T20:28:39","guid":{"rendered":"https:\/\/www.quartier-waldacker.de\/?page_id=4107"},"modified":"2014-03-13T07:21:45","modified_gmt":"2014-03-13T06:21:45","slug":"gemuesefrau","status":"publish","type":"page","link":"https:\/\/www.quartier-waldacker.de\/?page_id=4107","title":{"rendered":"Gem\u00fcsefrau"},"content":{"rendered":"<table style=\"width: 638px; height: 476px;\" border=\"0\">\n<tbody>\n<tr>\n<td colspan=\"4\">\n<figure id=\"attachment_4103\" aria-describedby=\"caption-attachment-4103\" style=\"width: 608px\" class=\"wp-caption alignleft\"><a href=\"https:\/\/i0.wp.com\/www.quartier-waldacker.de\/wp-content\/uploads\/2013\/11\/2643059164_46376de471.jpg?ssl=1\"><img data-recalc-dims=\"1\" loading=\"lazy\" decoding=\"async\" data-attachment-id=\"4103\" data-permalink=\"https:\/\/www.quartier-waldacker.de\/?attachment_id=4103#main\" data-orig-file=\"https:\/\/i0.wp.com\/www.quartier-waldacker.de\/wp-content\/uploads\/2013\/11\/2643059164_46376de471.jpg?fit=500%2C267&amp;ssl=1\" data-orig-size=\"500,267\" data-comments-opened=\"1\" data-image-meta=\"{&quot;aperture&quot;:&quot;0&quot;,&quot;credit&quot;:&quot;&quot;,&quot;camera&quot;:&quot;&quot;,&quot;caption&quot;:&quot;&quot;,&quot;created_timestamp&quot;:&quot;0&quot;,&quot;copyright&quot;:&quot;&quot;,&quot;focal_length&quot;:&quot;0&quot;,&quot;iso&quot;:&quot;0&quot;,&quot;shutter_speed&quot;:&quot;0&quot;,&quot;title&quot;:&quot;&quot;}\" data-image-title=\"Obst- und Gem\u00fcsestand am Nordbad in M\u00fcnchen &amp;#8211; Schwabing\" data-image-description=\"\" data-image-caption=\"&lt;p&gt;By: &lt;a href=&#039;http:\/\/www.flickr.com\/photos\/14646075@N03\/2643059164\/&#039; target=&#039;_blank&#039;&gt;digital cat&lt;\/a&gt;&lt;\/p&gt;\n\" data-large-file=\"https:\/\/i0.wp.com\/www.quartier-waldacker.de\/wp-content\/uploads\/2013\/11\/2643059164_46376de471.jpg?fit=500%2C267&amp;ssl=1\" class=\"size-full wp-image-4103\" alt=\"By: digital cat\" src=\"https:\/\/i0.wp.com\/www.quartier-waldacker.de\/wp-content\/uploads\/2013\/11\/2643059164_46376de471.jpg?resize=618%2C213&#038;ssl=1\" width=\"618\" height=\"213\" \/><\/a><figcaption id=\"caption-attachment-4103\" class=\"wp-caption-text\">By: <a href=\"http:\/\/www.flickr.com\/photos\/14646075@N03\/2643059164\/\" target=\"_blank\">digital cat<\/a><\/figcaption><\/figure><\/td>\n<\/tr>\n<tr>\n<td><span style=\"font-size: medium;\"><strong>Adressse:<\/strong><\/span><\/td>\n<td colspan=\"2\">\u00a0<span style=\"font-size: medium; font-family: 'Arial','sans-serif';\">Frau Hedwig Michel<\/span><\/td>\n<td><\/td>\n<\/tr>\n<tr>\n<td><\/td>\n<td colspan=\"2\">\u00a0<span style=\"font-size: medium; font-family: 'Arial','sans-serif';\">Mainstra\u00dfe 19<\/span><\/td>\n<td><\/td>\n<\/tr>\n<tr>\n<td><\/td>\n<td colspan=\"2\">\u00a0<span style=\"font-size: medium; font-family: 'Arial','sans-serif';\">63939 W\u00f6rth<\/span><\/td>\n<td><\/td>\n<\/tr>\n<tr>\n<td><\/td>\n<td colspan=\"2\">\n<p class=\"ListHeading\" style=\"text-align: left;\"><span style=\"font-size: medium;\"><span style=\"font-family: 'Arial','sans-serif';\">Der Lieferdienst der \u201eGem\u00fcsefrau\u201c, wird seit 13 Jahren in Waldacker angeboten<\/span><\/span><\/p>\n<\/td>\n<td><\/td>\n<\/tr>\n<tr>\n<td><span style=\"font-size: medium;\"><strong>Steuernummer:<\/strong><\/span><\/td>\n<td colspan=\"2\"><\/td>\n<td><\/td>\n<\/tr>\n<tr>\n<td><span style=\"font-size: medium;\"><strong>Ansprechpartner:<\/strong> <\/span><\/td>\n<td colspan=\"2\"><span style=\"font-size: medium; font-family: 'Arial','sans-serif';\">Frau Hedwig Michel<br \/>\nMainstra\u00dfe 19<br \/>\n63939 W\u00f6rth<\/span><\/td>\n<td><\/td>\n<\/tr>\n<tr>\n<td><span style=\"font-size: medium;\"><strong>Telefon:\u00a0\u00a0\u00a0\u00a0 <\/strong><\/span><\/td>\n<td colspan=\"2\"><span style=\"font-size: medium; font-family: 'Arial','sans-serif';\"> 0157 73915200<\/span><\/td>\n<td><\/td>\n<\/tr>\n<tr>\n<td><span style=\"font-size: medium;\"><strong>Fax:<\/strong><\/span><\/td>\n<td colspan=\"2\"><\/td>\n<td><\/td>\n<\/tr>\n<tr>\n<td><span style=\"font-size: medium;\"><strong>Email.<\/strong><\/span><\/td>\n<td colspan=\"2\"><\/td>\n<td><\/td>\n<\/tr>\n<tr>\n<td><strong><span style=\"font-size: medium;\">Merkmal:<\/span><\/strong><\/td>\n<td colspan=\"2\"><span style=\"font-size: 14.0pt; mso-bidi-font-size: 12.0pt; font-family: 'Arial','sans-serif'; mso-fareast-font-family: SimSun; mso-bidi-font-family: Mangal; mso-ansi-language: DE; mso-fareast-language: ZH-CN; mso-bidi-language: HI;\">Autokennzeichen MIL <\/span><\/td>\n<td><\/td>\n<\/tr>\n<tr>\n<td><strong><span style=\"font-size: medium;\">Telefonische Bestellungen:<\/span><\/strong><\/td>\n<td colspan=\"2\"><span style=\"font-size: medium;\"><span style=\"font-family: 'Arial','sans-serif';\"> 0157 73915200<\/span><\/span><\/td>\n<td><\/td>\n<\/tr>\n<tr>\n<td><strong><span style=\"font-size: medium;\">Lieferangebot:<\/span><\/strong><\/td>\n<td colspan=\"2\">\n<p class=\"Textbody\"><span style=\"font-size: medium;\"><span class=\"StrongEmphasis\"><span style=\"font-family: 'Arial','sans-serif';\">Landwirtschaftliche Produktpalette: <\/span><\/span><span style=\"font-family: 'Arial','sans-serif';\">Kartoffeln, Gem\u00fcse, Obst, Gr\u00fcnzeug, Freiland- Eier, Freiland- Eiernudeln, im Sommer Hausmacher Wurst in Dosen, im Winter ger\u00e4ucherte W\u00fcrste<\/span><\/span><\/p>\n<\/td>\n<td><\/td>\n<\/tr>\n<tr>\n<td rowspan=\"2\"><strong><\/strong><strong><span style=\"font-size: medium;\">\u00a0Verkauf:<\/span><\/strong><\/td>\n<td colspan=\"2\">\n<p class=\"Textbody\" style=\"text-align: left;\"><span style=\"font-size: medium;\">Die Gem\u00fcsefrau kommt alle 4 Wochen freitags von ca. 10:30 \u2013 15:00 Uhr und Samstagnachmittags auf Wunsch. Sie f\u00e4hrt zu Hause vor! Abends vorher bitte anrufen.<\/span><\/p>\n<\/td>\n<td><\/td>\n<\/tr>\n<tr>\n<td style=\"width: 20px;\" valign=\"top\">\n<p class=\"Textbody\" style=\"tab-stops: 120.1pt;\"><strong><span style=\"font-size: medium;\">Termine:<\/span><\/strong><\/p>\n<\/td>\n<td><span style=\"font-size: medium;\"><span style=\"font-size: medium;\">21.03.2014<br \/>\n19.04.2014 *Karsamstag ab 15:00 Uhr<br \/>\n16.05.2014<br \/>\n13.06.2014<br \/>\n11.07.2014<br \/>\n08.08.2014<br \/>\n05.09.2014<br \/>\n04.10.2014 *Samstag<br \/>\n31.10.2014<br \/>\n28.11.2014<br \/>\n19.12.2014<\/span><\/span>&nbsp;<\/p>\n<p>&nbsp;<\/td>\n<td><\/td>\n<\/tr>\n<tr>\n<td style=\"text-align: center; background-color: #44dd55; border-color: #000000; border-style: solid; border-width: 1px;\" colspan=\"4\"><\/td>\n<\/tr>\n<\/tbody>\n<\/table>\n","protected":false},"excerpt":{"rendered":"<p>Adressse: \u00a0Frau Hedwig Michel \u00a0Mainstra\u00dfe 19 \u00a063939 W\u00f6rth Der Lieferdienst der \u201eGem\u00fcsefrau\u201c, wird seit 13 Jahren in Waldacker angeboten Steuernummer: Ansprechpartner: Frau Hedwig Michel Mainstra\u00dfe 19 63939 W\u00f6rth Telefon:\u00a0\u00a0\u00a0\u00a0 0157 73915200 Fax: Email. Merkmal: Autokennzeichen MIL Telefonische Bestellungen: 0157 73915200 Lieferangebot: Landwirtschaftliche Produktpalette: Kartoffeln, Gem\u00fcse, Obst, Gr\u00fcnzeug, Freiland- Eier, Freiland- Eiernudeln, im Sommer Hausmacher Wurst &#8230; <a title=\"Gem\u00fcsefrau\" class=\"read-more\" href=\"https:\/\/www.quartier-waldacker.de\/?page_id=4107\" aria-label=\"Mehr Informationen \u00fcber Gem\u00fcsefrau\">Weiterlesen<\/a><\/p>\n","protected":false},"author":1,"featured_media":0,"parent":0,"menu_order":0,"comment_status":"open","ping_status":"open","template":"","meta":{"generate_page_header":"","footnotes":""},"class_list":["post-4107","page","type-page","status-publish"],"jetpack-related-posts":[],"jetpack_sharing_enabled":true,"rttpg_featured_image_url":null,"rttpg_author":{"display_name":"admin","author_link":"https:\/\/www.quartier-waldacker.de\/?author=1"},"rttpg_comment":1,"rttpg_category":null,"rttpg_excerpt":"Adressse: \u00a0Frau Hedwig Michel \u00a0Mainstra\u00dfe 19 \u00a063939 W\u00f6rth Der Lieferdienst der \u201eGem\u00fcsefrau\u201c, wird seit 13 Jahren in Waldacker angeboten Steuernummer: Ansprechpartner: Frau Hedwig Michel Mainstra\u00dfe 19 63939 W\u00f6rth Telefon:\u00a0\u00a0\u00a0\u00a0 0157 73915200 Fax: Email. Merkmal: Autokennzeichen MIL Telefonische Bestellungen: 0157 73915200 Lieferangebot: Landwirtschaftliche Produktpalette: Kartoffeln, Gem\u00fcse, Obst, Gr\u00fcnzeug, Freiland- Eier, Freiland- Eiernudeln, im Sommer Hausmacher Wurst&hellip;","_links":{"self":[{"href":"https:\/\/www.quartier-waldacker.de\/index.php?rest_route=\/wp\/v2\/pages\/4107","targetHints":{"allow":["GET"]}}],"collection":[{"href":"https:\/\/www.quartier-waldacker.de\/index.php?rest_route=\/wp\/v2\/pages"}],"about":[{"href":"https:\/\/www.quartier-waldacker.de\/index.php?rest_route=\/wp\/v2\/types\/page"}],"author":[{"embeddable":true,"href":"https:\/\/www.quartier-waldacker.de\/index.php?rest_route=\/wp\/v2\/users\/1"}],"replies":[{"embeddable":true,"href":"https:\/\/www.quartier-waldacker.de\/index.php?rest_route=%2Fwp%2Fv2%2Fcomments&post=4107"}],"version-history":[{"count":0,"href":"https:\/\/www.quartier-waldacker.de\/index.php?rest_route=\/wp\/v2\/pages\/4107\/revisions"}],"wp:attachment":[{"href":"https:\/\/www.quartier-waldacker.de\/index.php?rest_route=%2Fwp%2Fv2%2Fmedia&parent=4107"}],"curies":[{"name":"wp","href":"https:\/\/api.w.org\/{rel}","templated":true}]}}