{"id":24027,"date":"2024-04-21T16:28:36","date_gmt":"2024-04-21T14:28:36","guid":{"rendered":"https:\/\/www.quartier-waldacker.de\/?page_id=24027"},"modified":"2026-05-06T17:46:21","modified_gmt":"2026-05-06T15:46:21","slug":"ansprechpartner-innen","status":"publish","type":"page","link":"https:\/\/www.quartier-waldacker.de\/?page_id=24027","title":{"rendered":"Ansprechpartner\/innen"},"content":{"rendered":"\n<figure class=\"wp-block-image size-large\"><img data-recalc-dims=\"1\" loading=\"lazy\" decoding=\"async\" width=\"1024\" height=\"240\" data-attachment-id=\"24037\" data-permalink=\"https:\/\/www.quartier-waldacker.de\/?attachment_id=24037#main\" data-orig-file=\"https:\/\/i0.wp.com\/www.quartier-waldacker.de\/wp-content\/uploads\/2024\/04\/Header_TeamQW.jpg?fit=1280%2C300&amp;ssl=1\" data-orig-size=\"1280,300\" data-comments-opened=\"1\" data-image-meta=\"{&quot;aperture&quot;:&quot;0&quot;,&quot;credit&quot;:&quot;&quot;,&quot;camera&quot;:&quot;&quot;,&quot;caption&quot;:&quot;&quot;,&quot;created_timestamp&quot;:&quot;0&quot;,&quot;copyright&quot;:&quot;&quot;,&quot;focal_length&quot;:&quot;0&quot;,&quot;iso&quot;:&quot;0&quot;,&quot;shutter_speed&quot;:&quot;0&quot;,&quot;title&quot;:&quot;&quot;,&quot;orientation&quot;:&quot;1&quot;}\" data-image-title=\"Header_TeamQW\" data-image-description=\"\" data-image-caption=\"\" data-large-file=\"https:\/\/i0.wp.com\/www.quartier-waldacker.de\/wp-content\/uploads\/2024\/04\/Header_TeamQW.jpg?fit=1024%2C240&amp;ssl=1\" src=\"https:\/\/i0.wp.com\/www.quartier-waldacker.de\/wp-content\/uploads\/2024\/04\/Header_TeamQW.jpg?resize=1024%2C240&#038;ssl=1\" alt=\"\" class=\"wp-image-24037\" srcset=\"https:\/\/i0.wp.com\/www.quartier-waldacker.de\/wp-content\/uploads\/2024\/04\/Header_TeamQW.jpg?resize=1024%2C240&amp;ssl=1 1024w, https:\/\/i0.wp.com\/www.quartier-waldacker.de\/wp-content\/uploads\/2024\/04\/Header_TeamQW.jpg?resize=300%2C70&amp;ssl=1 300w, https:\/\/i0.wp.com\/www.quartier-waldacker.de\/wp-content\/uploads\/2024\/04\/Header_TeamQW.jpg?resize=768%2C180&amp;ssl=1 768w, https:\/\/i0.wp.com\/www.quartier-waldacker.de\/wp-content\/uploads\/2024\/04\/Header_TeamQW.jpg?w=1280&amp;ssl=1 1280w\" sizes=\"auto, (max-width: 1024px) 100vw, 1024px\" \/><\/figure>\n\n\n\n<p>\u00a0<\/p>\n<table style=\"border-collapse: collapse; width: 100%; height: 582px;\">\n<tbody>\n<tr style=\"height: 26px; background-color: #dedede; border-color: #000000;\">\n<td style=\"width: 30.8696%; height: 26px; border-color: #000000;\"><span style=\"font-size: 20px;\"><strong>Arbeitsgruppen<br \/><\/strong><\/span><\/td>\n<td style=\"width: 25.4348%; height: 26px; border-color: #000000;\"><span style=\"font-size: 20px;\"><strong>Ansprechpartner<\/strong><br \/><\/span><\/td>\n<td style=\"width: 43.6956%; height: 26px; border-color: #000000;\"><strong><span style=\"font-size: 20px;\">Kontakt-Adresse<\/span><\/strong><\/td>\n<\/tr>\n<tr style=\"height: 17px;\">\n<td style=\"width: 30.8696%; height: 17px; border-color: #000000;\"><span style=\"font-size: 20px;\"><strong>Homepage<br \/>Facebook<br \/><\/strong><\/span><\/td>\n<td style=\"width: 25.4348%; height: 17px; border-color: #000000;\"><span style=\"font-size: 20px;\">Johannes Ohnesorg<br \/>Bodo Berger<br \/><\/span><\/td>\n<td style=\"width: 43.6956%; height: 17px; border-color: #000000;\"><span style=\"font-size: 20px;\"><a href=\"mailto:Mailto:admin@quartier-waldacker.de\" target=\"_blank\" rel=\"noopener\">admin@quartier-waldacker.de<\/a><br \/><a href=\"mailto:bodo@quartier-waldacker.de\" target=\"_blank\" rel=\"noopener\">bodo@quartier-waldacker.de<\/a><\/span><\/td>\n<\/tr>\n<tr style=\"height: 18px; background-color: #f7f7f7;\">\n<td style=\"width: 30.8696%; height: 18px; border-color: #000000;\"><strong><span style=\"font-size: 20px;\">Quartier-Waldacker <br \/>( allgemein)<\/span><\/strong><\/td>\n<td style=\"width: 25.4348%; height: 18px; border-color: #000000;\"><span style=\"font-size: 20px;\">Annemarie Eck<\/span><\/td>\n<td style=\"width: 43.6956%; height: 18px; border-color: #000000;\"><span style=\"font-size: 20px;\"><a href=\"mailto:annemarie@quartier-waldacker.de\" target=\"_blank\" rel=\"noopener\">annemarie@quartier-waldacker.de<\/a><\/span><\/td>\n<\/tr>\n<tr style=\"height: 18px;\">\n<td style=\"width: 30.8696%; height: 42px; border-color: #000000;\" rowspan=\"2\"><strong><span style=\"font-size: 20px;\">Museumstouren<\/span><\/strong><\/td>\n<td style=\"width: 25.4348%; height: 10px; border-color: #000000;\">\n<p><span style=\"font-size: 20px;\">Ursula Roebke<\/span><\/p>\n<\/td>\n<td style=\"width: 43.6956%; height: 10px; border-color: #000000;\">\n<p><span style=\"font-size: 20px;\"><a href=\"mailto:\" target=\"_blank\" rel=\"noopener\">ursula@quartier-waldacker.de<\/a><\/span><\/p>\n<\/td>\n<\/tr>\n<tr style=\"height: 32px;\">\n<td style=\"width: 25.4348%; height: 32px; border-color: #000000;\">\n<p><span style=\"font-size: 20px;\">Margret Schierenbeck<\/span><\/p>\n<\/td>\n<td style=\"width: 43.6956%; height: 32px; border-color: #000000;\">\n<p><span style=\"font-size: 20px;\"><a href=\"mailto:Mailto:museumstour@quartier-waldacker.de\" target=\"_blank\" rel=\"noopener\">museumstour@quartier-waldacker.de<\/a><\/span><\/p>\n<\/td>\n<\/tr>\n<tr style=\"height: 61px;\">\n<td style=\"width: 30.8696%; height: 61px; vertical-align: middle; border-color: #000000;\">\n<p class=\"memberName\"><strong><span style=\"font-size: 20px;\">Nordic Walking<\/span><\/strong><\/p>\n<\/td>\n<td style=\"width: 25.4348%; height: 61px; vertical-align: middle; border-color: #000000;\">\n<p><span style=\"font-size: 20px;\">Ursula Roebke<\/span><\/p>\n<\/td>\n<td style=\"width: 43.6956%; height: 61px; vertical-align: middle; border-color: #000000;\">\n<p><span style=\"font-size: 20px;\"><a href=\"mailto:Mailto:ursula@quartier-waldacker.de\" target=\"_blank\" rel=\"noopener\">ursula@quartier-waldacker.de<\/a><\/span><\/p>\n<\/td>\n<\/tr>\n<tr style=\"height: 86px;\">\n<td style=\"width: 30.8696%; vertical-align: middle; height: 86px; background-color: #f7f7f7; border-color: #000000;\">\n<p class=\"memberName\"><strong><span style=\"font-size: 20px;\">Spazierwandern<\/span><\/strong><\/p>\n<\/td>\n<td style=\"width: 25.4348%; height: 86px; background-color: #f7f7f7; border-color: #000000;\">\n<p><span style=\"font-size: 20px;\">Margret Schierenbeck<\/span><\/p>\n<\/td>\n<td style=\"width: 43.6956%; height: 86px; background-color: #f7f7f7; border-color: #000000;\">\n<p><span style=\"font-size: 20px;\"><a href=\"mailto:Mailto:museumstour@quartier-waldacker.de\" target=\"_blank\" rel=\"noopener\">museumstour@quartier-waldacker.de<\/a><\/span><\/p>\n<\/td>\n<\/tr>\n<tr style=\"height: 57px;\">\n<td style=\"width: 30.8696%; vertical-align: middle; background-color: #f7f7f7; border-color: #000000; height: 57px;\">\n<p class=\"memberName\"><strong><span style=\"font-size: 20px;\">smovey-Training<\/span><\/strong><\/p>\n<\/td>\n<td style=\"width: 25.4348%; background-color: #f7f7f7; border-color: #000000; height: 57px;\">\n<p><span style=\"font-size: 20px;\">Angelika Tank<\/span><\/p>\n<\/td>\n<td style=\"width: 43.6956%; background-color: #f7f7f7; border-color: #000000; height: 57px;\">\n<p><a href=\"mailto:angelika@quartier-waldacker.de\"><span style=\"font-size: 20px;\">angelika@quartier-waldacker.de<\/span><\/a><\/p>\n<\/td>\n<\/tr>\n<tr style=\"height: 21px;\">\n<td style=\"width: 30.8696%; height: 78px; vertical-align: middle; border-color: #000000;\" rowspan=\"2\">\n<p class=\"memberName\"><strong><span style=\"font-size: 20px;\">Radfahren<\/span><\/strong><\/p>\n<\/td>\n<td style=\"width: 25.4348%; height: 21px; border-color: #000000;\">\n<h4 class=\"memberName\"><span style=\"font-size: 20px;\">Gerhard Elsesser<\/span><\/h4>\n<\/td>\n<td style=\"width: 43.6956%; height: 21px; border-color: #000000;\">\n<p><a href=\"mailto:Mailto:gerhard.elsesser@t-online.de\" target=\"_blank\" rel=\"noopener\"><span style=\"font-size: 20px;\">gerhard.elsesser@t-online.de<\/span><\/a><\/p>\n<\/td>\n<\/tr>\n<tr style=\"height: 57px;\">\n<td style=\"width: 25.4348%; height: 57px; border-color: #000000;\">\n<h4 class=\"memberName\"><span style=\"font-size: 20px;\">Reinhold Harnoth<br \/><\/span><\/h4>\n<\/td>\n<td style=\"width: 43.6956%; height: 57px; border-color: #000000;\">\n<p><span style=\"font-size: 20px;\"><a href=\"mailto:reinhold.harnoth@mail.de\" target=\"_blank\" rel=\"noopener\">reinhold.harnoth@mail.de<\/a><\/span><\/p>\n<\/td>\n<\/tr>\n<tr style=\"height: 57px; background-color: #f7f7f7;\">\n<td style=\"width: 30.8696%; vertical-align: middle; height: 57px; border-color: #000000;\">\n<p class=\"memberName\"><strong><span style=\"font-size: 20px;\">Digitale Hilfe<br \/><\/span><\/strong><\/p>\n<\/td>\n<td style=\"width: 25.4348%; height: 57px; border-color: #000000;\">\n<h4 class=\"memberName\"><span style=\"font-size: 20px;\">Johannes Ohnesorg<br \/><\/span><\/h4>\n<\/td>\n<td style=\"width: 43.6956%; height: 57px; border-color: #000000;\">\n<p><span style=\"font-size: 20px;\"><a href=\"mailto:Mailto:admin@quartier-waldacker.de\" target=\"_blank\" rel=\"noopener\">admin@quartier-waldacker.de<\/a><\/span><\/p>\n<\/td>\n<\/tr>\n<tr style=\"height: 129px;\">\n<td style=\"width: 30.8696%; vertical-align: middle; height: 129px; border-color: #000000;\">\n<p class=\"entry-title\"><strong><span style=\"font-size: 20px;\">Kulinarische Reise <\/span><span style=\"font-size: 20px;\">durch und um R\u00f6dermark<\/span><\/strong><\/p>\n<\/td>\n<td style=\"width: 25.4348%; height: 129px; border-color: #000000;\">\n<h4 class=\"memberName\"><span style=\"font-size: 20px;\">Annemarie Eck<br \/><\/span><\/h4>\n<\/td>\n<td style=\"width: 43.6956%; height: 129px; border-color: #000000;\">\n<p><span style=\"font-size: 20px;\"><a href=\"mailto:annemarie@quartier-waldacker.de\" target=\"_blank\" rel=\"noopener\">annemarie@quartier-waldacker.de<\/a><\/span><\/p>\n<\/td>\n<\/tr>\n<tr style=\"height: 11px;\">\n<td style=\"width: 30.8696%; border-color: #000000; height: 11px; vertical-align: middle;\" scope=\"row\">\n<h1 class=\"entry-title\"><span style=\"font-family: georgia, palatino, serif;\"><strong><span style=\"font-size: 20px;\">Kreativ-Nachmittag im<br \/>Strick-&amp; H\u00e4kel-Cafe`<\/span><\/strong><\/span><\/h1>\n<\/td>\n<td style=\"width: 25.4348%; border-color: #000000; height: 11px;\">\n<h4 class=\"memberName\"><span style=\"font-size: 20px;\">Heike Rohde<br \/>Marion Fleischer<\/span><\/h4>\n<\/td>\n<td style=\"width: 43.6956%; border-color: #000000; height: 11px;\">\n<p><a href=\"mailto:Mailto:marion@quartier-waldacker.de\" target=\"_blank\" rel=\"noopener\"><span style=\"font-size: 20px;\">marion@quartier-waldacker.de<\/span><\/a><\/p>\n<\/td>\n<\/tr>\n<\/tbody>\n<\/table>\n\n\n","protected":false},"excerpt":{"rendered":"<p>\u00a0 Arbeitsgruppen Ansprechpartner Kontakt-Adresse HomepageFacebook Johannes OhnesorgBodo Berger admin@quartier-waldacker.debodo@quartier-waldacker.de Quartier-Waldacker ( allgemein) Annemarie Eck annemarie@quartier-waldacker.de Museumstouren Ursula Roebke ursula@quartier-waldacker.de Margret Schierenbeck museumstour@quartier-waldacker.de Nordic Walking Ursula Roebke ursula@quartier-waldacker.de Spazierwandern Margret Schierenbeck museumstour@quartier-waldacker.de smovey-Training Angelika Tank angelika@quartier-waldacker.de Radfahren Gerhard Elsesser gerhard.elsesser@t-online.de Reinhold Harnoth reinhold.harnoth@mail.de Digitale Hilfe Johannes Ohnesorg admin@quartier-waldacker.de Kulinarische Reise durch und um R\u00f6dermark Annemarie Eck &#8230; <a title=\"Ansprechpartner\/innen\" class=\"read-more\" href=\"https:\/\/www.quartier-waldacker.de\/?page_id=24027\" aria-label=\"Mehr Informationen \u00fcber Ansprechpartner\/innen\">Weiterlesen<\/a><\/p>\n","protected":false},"author":1,"featured_media":0,"parent":0,"menu_order":0,"comment_status":"closed","ping_status":"closed","template":"","meta":{"generate_page_header":"","footnotes":""},"class_list":["post-24027","page","type-page","status-publish"],"jetpack-related-posts":[{"id":21385,"url":"https:\/\/www.quartier-waldacker.de\/","url_meta":{"origin":24027,"position":0},"title":"Was ist Quartier-Waldacker?","author":"admin","date":"8. November 2012","format":false,"excerpt":"Willkommen auf unserer Homepage! Wir sind eine Gruppe von engagierten B\u00fcrgern aus Waldacker, die versucht das Leben in Waldacker annehmlicher zu gestalten. Mitmachen kann jeder, solange es ihm gef\u00e4llt. Es werden keine Beitr\u00e4ge erhoben. Projekte die Geld kosten, werden teilweise gesponsert oder erarbeitet. H\u00e4uptlinge gibt es keine. Projekte werden in\u2026","rel":"","context":"Similar post","block_context":{"text":"Similar post","link":""},"img":{"alt_text":"","src":"https:\/\/i0.wp.com\/www.quartier-waldacker.de\/wp-content\/uploads\/2022\/07\/IMG_6756_1280_1-2.jpg?resize=350%2C200&ssl=1","width":350,"height":200,"srcset":"https:\/\/i0.wp.com\/www.quartier-waldacker.de\/wp-content\/uploads\/2022\/07\/IMG_6756_1280_1-2.jpg?resize=350%2C200&ssl=1 1x, https:\/\/i0.wp.com\/www.quartier-waldacker.de\/wp-content\/uploads\/2022\/07\/IMG_6756_1280_1-2.jpg?resize=525%2C300&ssl=1 1.5x, https:\/\/i0.wp.com\/www.quartier-waldacker.de\/wp-content\/uploads\/2022\/07\/IMG_6756_1280_1-2.jpg?resize=700%2C400&ssl=1 2x, https:\/\/i0.wp.com\/www.quartier-waldacker.de\/wp-content\/uploads\/2022\/07\/IMG_6756_1280_1-2.jpg?resize=1050%2C600&ssl=1 3x"},"classes":[]},{"id":11233,"url":"https:\/\/www.quartier-waldacker.de\/?page_id=11233","url_meta":{"origin":24027,"position":1},"title":"Ansprechpartner\/innen","author":"admin","date":"14. Januar 2017","format":false,"excerpt":"\u00a0 Quartiersangelegenheiten\u00a0 und\u00a0 Organisatorin \"Kulinarische Reise durch und um R\u00f6dermark\" Annemarie Eck Tel.: 97967 E-Mail:\u00a0annemarie@quartier-waldacker.de Homepage und PC Hilfestellung Johannes Ohnesorg Am Buchrain 8 R\u00f6dermark Tel. 06074-97648 E-Mail: admin@Quartier-Waldacker.de \u00a0","rel":"","context":"Similar post","block_context":{"text":"Similar post","link":""},"img":{"alt_text":"","src":"https:\/\/i0.wp.com\/www.quartier-waldacker.de\/wp-content\/uploads\/2017\/04\/annemarie-221x300.jpg?resize=350%2C200&ssl=1","width":350,"height":200},"classes":[]},{"id":3961,"url":"https:\/\/www.quartier-waldacker.de\/?page_id=3961","url_meta":{"origin":24027,"position":2},"title":"Rh\u00f6ngut GmbH","author":"admin","date":"14. November 2013","format":false,"excerpt":"\u00a0 \u00a0 Adressse: Rh\u00f6nGut GmbH Industriestr. 1 36103 Flieden-R\u00fcckers Steuernummer: Ansprechpartner; Verkaufsfahrer\/in Telefon:\u00a0\u00a0\u00a0\u00a0 06655-98 76 88 Fax: 06655-98 72 79 Email. \u00a0 d.braescher@rhoengut-flieden.de Telefonische Bestellungen: Montags bis 13 Uhr Dienstags-Freitags 8-13 Uhr und 17 bis19 Uhr Lieferangebot: Fleisch; Wurstwaren; Salate; Fisch; K\u00e4se; Backwaren; Wein Mobiler Verkauf: Bestellung nur noch telefonisch\u2026","rel":"","context":"Similar post","block_context":{"text":"Similar post","link":""},"img":{"alt_text":"","src":"https:\/\/i0.wp.com\/www.quartier-waldacker.de\/wp-content\/uploads\/2013\/11\/VK-Theke1a-Kopie.jpg?resize=350%2C200&ssl=1","width":350,"height":200,"srcset":"https:\/\/i0.wp.com\/www.quartier-waldacker.de\/wp-content\/uploads\/2013\/11\/VK-Theke1a-Kopie.jpg?resize=350%2C200&ssl=1 1x, https:\/\/i0.wp.com\/www.quartier-waldacker.de\/wp-content\/uploads\/2013\/11\/VK-Theke1a-Kopie.jpg?resize=525%2C300&ssl=1 1.5x, https:\/\/i0.wp.com\/www.quartier-waldacker.de\/wp-content\/uploads\/2013\/11\/VK-Theke1a-Kopie.jpg?resize=700%2C400&ssl=1 2x, https:\/\/i0.wp.com\/www.quartier-waldacker.de\/wp-content\/uploads\/2013\/11\/VK-Theke1a-Kopie.jpg?resize=1050%2C600&ssl=1 3x, https:\/\/i0.wp.com\/www.quartier-waldacker.de\/wp-content\/uploads\/2013\/11\/VK-Theke1a-Kopie.jpg?resize=1400%2C800&ssl=1 4x"},"classes":[]},{"id":4107,"url":"https:\/\/www.quartier-waldacker.de\/?page_id=4107","url_meta":{"origin":24027,"position":3},"title":"Gem\u00fcsefrau","author":"admin","date":"23. November 2013","format":false,"excerpt":"Adressse: \u00a0Frau Hedwig Michel \u00a0Mainstra\u00dfe 19 \u00a063939 W\u00f6rth Der Lieferdienst der \u201eGem\u00fcsefrau\u201c, wird seit 13 Jahren in Waldacker angeboten Steuernummer: Ansprechpartner: Frau Hedwig Michel Mainstra\u00dfe 19 63939 W\u00f6rth Telefon:\u00a0\u00a0\u00a0\u00a0 0157 73915200 Fax: Email. Merkmal: Autokennzeichen MIL Telefonische Bestellungen: 0157 73915200 Lieferangebot: Landwirtschaftliche Produktpalette: Kartoffeln, Gem\u00fcse, Obst, Gr\u00fcnzeug, Freiland- Eier, Freiland-\u2026","rel":"","context":"Similar post","block_context":{"text":"Similar post","link":""},"img":{"alt_text":"By: digital cat","src":"https:\/\/i0.wp.com\/www.quartier-waldacker.de\/wp-content\/uploads\/2013\/11\/2643059164_46376de471.jpg?resize=350%2C200&ssl=1","width":350,"height":200,"srcset":"https:\/\/i0.wp.com\/www.quartier-waldacker.de\/wp-content\/uploads\/2013\/11\/2643059164_46376de471.jpg?resize=350%2C200&ssl=1 1x, https:\/\/i0.wp.com\/www.quartier-waldacker.de\/wp-content\/uploads\/2013\/11\/2643059164_46376de471.jpg?resize=525%2C300&ssl=1 1.5x"},"classes":[]},{"id":21639,"url":"https:\/\/www.quartier-waldacker.de\/?page_id=21639","url_meta":{"origin":24027,"position":4},"title":"Warum ist eine Registrierung notwendig?","author":"admin","date":"16. Januar 2023","format":false,"excerpt":"F\u00fcr die Registrierung ist es notwendig, einen Benutzernamen (frei w\u00e4hlbar und muss nicht aussagef\u00e4hig sein ), ein Passwort und eine g\u00fcltige E-Mail-Adresse anzugeben. Die E-Mail-Adresse kann nicht f\u00fcr 'Spam'-Zwecke missbraucht werden, da diese vor den anderen Benutzern nicht einsehbar ist. Vorteile: Man ist berechtigt Kommentare zu schreiben. Quartiersmitglieder sind zus\u00e4tzlich\u2026","rel":"","context":"Similar post","block_context":{"text":"Similar post","link":""},"img":{"alt_text":"","src":"","width":0,"height":0},"classes":[]},{"id":13161,"url":"https:\/\/www.quartier-waldacker.de\/?page_id=13161","url_meta":{"origin":24027,"position":5},"title":"Unsere Arbeitsgruppen:","author":"admin","date":"12. Mai 2017","format":false,"excerpt":"","rel":"","context":"Similar post","block_context":{"text":"Similar post","link":""},"img":{"alt_text":"","src":"","width":0,"height":0},"classes":[]}],"jetpack_sharing_enabled":true,"rttpg_featured_image_url":null,"rttpg_author":{"display_name":"admin","author_link":"https:\/\/www.quartier-waldacker.de\/?author=1"},"rttpg_comment":0,"rttpg_category":null,"rttpg_excerpt":"\u00a0 Arbeitsgruppen Ansprechpartner Kontakt-Adresse HomepageFacebook Johannes OhnesorgBodo Berger admin@quartier-waldacker.debodo@quartier-waldacker.de Quartier-Waldacker ( allgemein) Annemarie Eck annemarie@quartier-waldacker.de Museumstouren Ursula Roebke ursula@quartier-waldacker.de Margret Schierenbeck museumstour@quartier-waldacker.de Nordic Walking Ursula Roebke ursula@quartier-waldacker.de Spazierwandern Margret Schierenbeck museumstour@quartier-waldacker.de smovey-Training Angelika Tank angelika@quartier-waldacker.de Radfahren Gerhard Elsesser gerhard.elsesser@t-online.de Reinhold Harnoth reinhold.harnoth@mail.de Digitale Hilfe Johannes Ohnesorg admin@quartier-waldacker.de Kulinarische Reise durch und um R\u00f6dermark Annemarie Eck&hellip;","_links":{"self":[{"href":"https:\/\/www.quartier-waldacker.de\/index.php?rest_route=\/wp\/v2\/pages\/24027","targetHints":{"allow":["GET"]}}],"collection":[{"href":"https:\/\/www.quartier-waldacker.de\/index.php?rest_route=\/wp\/v2\/pages"}],"about":[{"href":"https:\/\/www.quartier-waldacker.de\/index.php?rest_route=\/wp\/v2\/types\/page"}],"author":[{"embeddable":true,"href":"https:\/\/www.quartier-waldacker.de\/index.php?rest_route=\/wp\/v2\/users\/1"}],"replies":[{"embeddable":true,"href":"https:\/\/www.quartier-waldacker.de\/index.php?rest_route=%2Fwp%2Fv2%2Fcomments&post=24027"}],"version-history":[{"count":4,"href":"https:\/\/www.quartier-waldacker.de\/index.php?rest_route=\/wp\/v2\/pages\/24027\/revisions"}],"predecessor-version":[{"id":27463,"href":"https:\/\/www.quartier-waldacker.de\/index.php?rest_route=\/wp\/v2\/pages\/24027\/revisions\/27463"}],"wp:attachment":[{"href":"https:\/\/www.quartier-waldacker.de\/index.php?rest_route=%2Fwp%2Fv2%2Fmedia&parent=24027"}],"curies":[{"name":"wp","href":"https:\/\/api.w.org\/{rel}","templated":true}]}}