{"id":21639,"date":"2023-01-16T10:12:04","date_gmt":"2023-01-16T09:12:04","guid":{"rendered":"https:\/\/www.quartier-waldacker.de\/?page_id=21639"},"modified":"2023-01-16T10:12:07","modified_gmt":"2023-01-16T09:12:07","slug":"warum-ist-eine-registrierung-notwendig","status":"publish","type":"page","link":"https:\/\/www.quartier-waldacker.de\/?page_id=21639","title":{"rendered":"Warum ist eine Registrierung notwendig?"},"content":{"rendered":"\n<p class=\"has-medium-font-size\" id=\"block-b6dea4bc-6412-4633-a157-cafaaa6e3bdb\">F\u00fcr die Registrierung ist es notwendig, einen <strong>Benutzernamen <\/strong>(frei w\u00e4hlbar und muss nicht aussagef\u00e4hig sein ), ein <strong>Passwort<\/strong> und eine g\u00fcltige <strong>E-Mail-Adresse<\/strong> anzugeben. Die E-Mail-Adresse kann nicht f\u00fcr &#8216;Spam&#8217;-Zwecke missbraucht werden, da diese vor den anderen Benutzern nicht einsehbar ist.<\/p>\n\n\n\n<p class=\"has-medium-font-size\" id=\"block-888ffafd-9914-4671-af43-6d2af399dad3\"><strong>Vorteile:<\/strong><\/p>\n\n\n\n<ul id=\"block-c0a01f42-839f-41d5-a803-94cda2467e02\" class=\"has-medium-font-size wp-block-list\">\n<li>Man ist berechtigt Kommentare zu schreiben.<\/li>\n\n\n\n<li>Quartiersmitglieder sind zus\u00e4tzlich berechtigt Quartiers interne Nachrichten zu lesen.<br>Voraussetzung, der Admin erkennt anhand der Anmeldedaten die Quartierszugeh\u00f6rigkeit.<\/li>\n\n\n\n<li>Arbeitsgruppen haben die M\u00f6glichkeit spezielle Downloads zu vollziehen.<\/li>\n<\/ul>\n\n\n\n<p class=\"has-medium-font-size\" id=\"block-6fb31ee6-4d35-4c62-a85d-f1d9eb013c7f\"><strong>Nachteile:<\/strong><\/p>\n\n\n\n<ul class=\"wp-block-list\" id=\"block-f1be2998-155d-4a15-9e85-983601b4a9bf\">\n<li class=\"has-medium-font-size\">Minimaler Zeitaufwand<\/li>\n<\/ul>\n\n\n\n<p class=\"has-medium-font-size\" id=\"block-0cf660b0-6afd-42e2-b784-0fbef12c7323\">Die Registrierung ist <strong>KOSTENLOS<\/strong> und man geht keinerlei Verpflichtung ein, sie dient nur der <strong>unsachgem\u00e4\u00dfen Benutzung der Kommentarfunktion <\/strong>z.B. zum\u00fcllen der Homepage mit Spam-Kommentare aus aller Welt.&nbsp;<\/p>\n\n\n\n<p class=\"has-medium-font-size\" id=\"block-85e1aff7-1ae6-44c3-abf7-2c2f1ea890b7\">Ihre Anmeldedaten werden vertaulich behandelt und nicht an Dritte weitergegeben.<\/p>\n\n\n\n<p class=\"has-medium-font-size\" id=\"block-01328fbd-3958-4218-a5c4-c424ac7c1248\">Mehr dar\u00fcber in der Datenschutzerkl\u00e4rungen unter Abschnitt Registrierfunktionen <a href=\"https:\/\/www.quartier-waldacker.de\/?page_id=18174\">https:\/\/www.quartier-waldacker.de\/?page_id=18174<\/a><\/p>\n","protected":false},"excerpt":{"rendered":"<p>F\u00fcr die Registrierung ist es notwendig, einen Benutzernamen (frei w\u00e4hlbar und muss nicht aussagef\u00e4hig sein ), ein Passwort und eine g\u00fcltige E-Mail-Adresse anzugeben. Die E-Mail-Adresse kann nicht f\u00fcr &#8216;Spam&#8217;-Zwecke missbraucht werden, da diese vor den anderen Benutzern nicht einsehbar ist. Vorteile: Nachteile: Die Registrierung ist KOSTENLOS und man geht keinerlei Verpflichtung ein, sie dient nur &#8230; <a title=\"Warum ist eine Registrierung notwendig?\" class=\"read-more\" href=\"https:\/\/www.quartier-waldacker.de\/?page_id=21639\" aria-label=\"Mehr Informationen \u00fcber Warum ist eine Registrierung notwendig?\">Weiterlesen<\/a><\/p>\n","protected":false},"author":1,"featured_media":0,"parent":0,"menu_order":0,"comment_status":"closed","ping_status":"closed","template":"","meta":{"generate_page_header":"","footnotes":""},"class_list":["post-21639","page","type-page","status-publish"],"jetpack-related-posts":[{"id":21588,"url":"https:\/\/www.quartier-waldacker.de\/?page_id=21588","url_meta":{"origin":21639,"position":0},"title":"Wie registriere ich mich?","author":"admin","date":"15. Januar 2023","format":false,"excerpt":"1. Wo finde ich auf der Homepage die Anmeldebox und wo kann ich mich registrieren? \u00a0 \u00a0 \u00a0 \u00a0 \u00a0 \u00a0 \u00a0 Der Begriff \u201eRegistrieren\u201c mit der linken Maustaste 1 x klicken.\u00a0 \u00a0 \u00a0 \u00a0 \u00a0 2. Registrierformular ausf\u00fcllen. \u00a0 \u00a0 \u00a0 \u00a0 Benutzernamen: Frei w\u00e4hlbar! (Ist bei Kommentaren und\u2026","rel":"","context":"Similar post","block_context":{"text":"Similar post","link":""},"img":{"alt_text":"","src":"https:\/\/i0.wp.com\/www.quartier-waldacker.de\/wp-content\/uploads\/2018\/01\/AMB-1-768x736-768x702.png?resize=350%2C200&ssl=1","width":350,"height":200},"classes":[]},{"id":18174,"url":"https:\/\/www.quartier-waldacker.de\/?page_id=18174","url_meta":{"origin":21639,"position":1},"title":"Datenschutzerkl\u00e4rung","author":"admin","date":"21. Mai 2018","format":false,"excerpt":"Diese Datenschutzerkl\u00e4rung kl\u00e4rt Sie \u00fcber die Art, den Umfang und Zweck der Verarbeitung von personenbezogenen Daten (nachfolgend kurz \u201eDaten\u201c) innerhalb unseres Onlineangebotes und der mit ihm verbundenen Webseiten, Funktionen und Inhalte sowie externen Onlinepr\u00e4senzen, wie z.B. unser Social Media Profile auf (nachfolgend gemeinsam bezeichnet als \u201eOnlineangebot\u201c). Im Hinblick auf die\u2026","rel":"","context":"Similar post","block_context":{"text":"Similar post","link":""},"img":{"alt_text":"","src":"","width":0,"height":0},"classes":[]},{"id":21577,"url":"https:\/\/www.quartier-waldacker.de\/?page_id=21577","url_meta":{"origin":21639,"position":2},"title":"Faqs &#8211; H\u00e4ufig gestellte Fragen","author":"admin","date":"15. Januar 2023","format":false,"excerpt":"Wie kann ich mich anmelden? Wie registriere ich mich? Warum ist eine Registrierung notwendig?","rel":"","context":"Similar post","block_context":{"text":"Similar post","link":""},"img":{"alt_text":"","src":"https:\/\/i0.wp.com\/www.quartier-waldacker.de\/wp-content\/uploads\/2013\/02\/Faq_bearbeitet-1.jpg?fit=1200%2C281&ssl=1&resize=350%2C200","width":350,"height":200,"srcset":"https:\/\/i0.wp.com\/www.quartier-waldacker.de\/wp-content\/uploads\/2013\/02\/Faq_bearbeitet-1.jpg?fit=1200%2C281&ssl=1&resize=350%2C200 1x, https:\/\/i0.wp.com\/www.quartier-waldacker.de\/wp-content\/uploads\/2013\/02\/Faq_bearbeitet-1.jpg?fit=1200%2C281&ssl=1&resize=525%2C300 1.5x, https:\/\/i0.wp.com\/www.quartier-waldacker.de\/wp-content\/uploads\/2013\/02\/Faq_bearbeitet-1.jpg?fit=1200%2C281&ssl=1&resize=700%2C400 2x, https:\/\/i0.wp.com\/www.quartier-waldacker.de\/wp-content\/uploads\/2013\/02\/Faq_bearbeitet-1.jpg?fit=1200%2C281&ssl=1&resize=1050%2C600 3x"},"classes":[]},{"id":618,"url":"https:\/\/www.quartier-waldacker.de\/?page_id=618","url_meta":{"origin":21639,"position":3},"title":"Forenregeln (unbedingt lesen)","author":"admin","date":"19. Januar 2013","format":false,"excerpt":"Bevor Sie in den Foren mitwirken wollen, lesen\u00a0\u00a0Sie bitte dieses Dokument\u00a0 aufmerksam durch. Foren regeln Foren brauchen Regeln - so viele wie n\u00f6tig, so wenig wie m\u00f6glich. Die meisten Regeln sind aus rechtlichen Gr\u00fcnden notwendig, einige wenige, um das Zusammenleben auf dem Forum angenehm und erfreulich zu gestalten.. http:\/\/www.drweb.de Die\u2026","rel":"","context":"Similar post","block_context":{"text":"Similar post","link":""},"img":{"alt_text":"","src":"","width":0,"height":0},"classes":[]},{"id":11449,"url":"https:\/\/www.quartier-waldacker.de\/?page_id=11449","url_meta":{"origin":21639,"position":4},"title":"Datenschutz","author":"admin","date":"21. Januar 2017","format":false,"excerpt":"Datenschutzerkl\u00e4rung: Datenschutzerkl\u00e4rung f\u00fcr die Nutzung von Facebook-Plugins (Like-Button) Auf unseren Seiten sind Plugins des sozialen Netzwerks Facebook, Anbieter Facebook Inc., 1 Hacker Way, Menlo Park, California 94025, USA, integriert. Die Facebook-Plugins erkennen Sie an dem Facebook-Logo oder dem \u201eLike-Button\u201c (\u201eGef\u00e4llt mir\u201c) auf unserer Seite. Eine \u00dcbersicht \u00fcber die Facebook-Plugins finden\u2026","rel":"","context":"Similar post","block_context":{"text":"Similar post","link":""},"img":{"alt_text":"","src":"","width":0,"height":0},"classes":[]},{"id":11452,"url":"https:\/\/www.quartier-waldacker.de\/?page_id=11452","url_meta":{"origin":21639,"position":5},"title":"Disclaimer","author":"admin","date":"21. Januar 2017","format":false,"excerpt":"Haftungsausschluss (Disclaimer) Haftung f\u00fcr Inhalte Als Diensteanbieter sind wir gem\u00e4\u00df \u00a7 7 Abs.1 TMG f\u00fcr eigene Inhalte auf diesen Seiten nach den allgemeinen Gesetzen verantwortlich. Nach \u00a7\u00a7 8 bis 10 TMG sind wir als Diensteanbieter jedoch nicht verpflichtet, \u00fcbermittelte oder gespeicherte fremde Informationen zu \u00fcberwachen oder nach Umst\u00e4nden zu forschen,\u2026","rel":"","context":"Similar post","block_context":{"text":"Similar post","link":""},"img":{"alt_text":"","src":"","width":0,"height":0},"classes":[]}],"jetpack_sharing_enabled":true,"rttpg_featured_image_url":null,"rttpg_author":{"display_name":"admin","author_link":"https:\/\/www.quartier-waldacker.de\/?author=1"},"rttpg_comment":0,"rttpg_category":null,"rttpg_excerpt":"F\u00fcr die Registrierung ist es notwendig, einen Benutzernamen (frei w\u00e4hlbar und muss nicht aussagef\u00e4hig sein ), ein Passwort und eine g\u00fcltige E-Mail-Adresse anzugeben. Die E-Mail-Adresse kann nicht f\u00fcr &#8216;Spam&#8217;-Zwecke missbraucht werden, da diese vor den anderen Benutzern nicht einsehbar ist. Vorteile: Nachteile: Die Registrierung ist KOSTENLOS und man geht keinerlei Verpflichtung ein, sie dient nur&hellip;","_links":{"self":[{"href":"https:\/\/www.quartier-waldacker.de\/index.php?rest_route=\/wp\/v2\/pages\/21639","targetHints":{"allow":["GET"]}}],"collection":[{"href":"https:\/\/www.quartier-waldacker.de\/index.php?rest_route=\/wp\/v2\/pages"}],"about":[{"href":"https:\/\/www.quartier-waldacker.de\/index.php?rest_route=\/wp\/v2\/types\/page"}],"author":[{"embeddable":true,"href":"https:\/\/www.quartier-waldacker.de\/index.php?rest_route=\/wp\/v2\/users\/1"}],"replies":[{"embeddable":true,"href":"https:\/\/www.quartier-waldacker.de\/index.php?rest_route=%2Fwp%2Fv2%2Fcomments&post=21639"}],"version-history":[{"count":0,"href":"https:\/\/www.quartier-waldacker.de\/index.php?rest_route=\/wp\/v2\/pages\/21639\/revisions"}],"wp:attachment":[{"href":"https:\/\/www.quartier-waldacker.de\/index.php?rest_route=%2Fwp%2Fv2%2Fmedia&parent=21639"}],"curies":[{"name":"wp","href":"https:\/\/api.w.org\/{rel}","templated":true}]}}