{"id":20874,"date":"2022-07-26T13:53:52","date_gmt":"2022-07-26T11:53:52","guid":{"rendered":"https:\/\/www.quartier-waldacker.de\/?page_id=20874"},"modified":"2022-07-26T20:07:31","modified_gmt":"2022-07-26T18:07:31","slug":"gedicht-10-jahre-quartier-waldacker","status":"publish","type":"page","link":"https:\/\/www.quartier-waldacker.de\/?page_id=20874","title":{"rendered":"Gedicht  &#8211; 10 Jahre Quartier-Waldacker"},"content":{"rendered":"<p style=\"text-align: right;\"><button id=\"listenButton1\" class=\"responsivevoice-button\" type=\"button\" value=\"Play\" title=\"ResponsiveVoice Tap to Start\/Stop Speech\"><span>&#128266; Vorlesen<\/span><\/button>\n        <script>\n            listenButton1.onclick = function(){\n                if(responsiveVoice.isPlaying()){\n                    responsiveVoice.cancel();\n                }else{\n                    responsiveVoice.speak(\"Von: Annemarie Eck - Moderatorin der\u00a0 Quartiersgruppe Waldacker 10 Jahre ist die Gruppe alt, die Zeit vergeht, so ist es halt. Noch j\u00fcnger kam auch ich hinzu, seitdem lie\u00df es mich nicht in Ruh\\'. Mit der BI begann\\'s f\u00fcr mich, mein\u00a0 Bruder litt grad\\' f\u00fcrchterlich. teilnehmen konnte er grad\\' nich\\', und darum schickte er dann mich. Um unseren Stra\u00dfenumbau ging\\'s, um Parkstreifen mal rechts mal links. Die Busbuchten fand man verkehrt, dagegen ha\\'m wir uns gewehrt. Durch den Beruf\u00a0 ich wenig kannt\\', doch dadurch ich Bekannte fand. So einige fand ich recht nett, die ich ja sonst auch heut\\' nicht h\u00e4tt\\'. Doch dann der Wolfgang Geiken-Weigt, die Zukunftswerkstatt hielt bereit. Genehmigt hat\\'s der Roland Kern, als B\u00fcrgermeister tat er \\'s gern. Daraus Quartiersgruppe entstand, mit der mich gleich sehr viel verband. Der B\u00fcrgertreff war unser Heim, geh\u00f6rte doch nicht uns allein. Die Stadt braucht\\' noch f\u00fcr Kinder Platz, nahm B\u00fcrgertreff hier als Ersatz. \\\"Keine Einschr\u00e4nkung\\\" wurd\\' uns versprochen, jedoch das hat man dann gebrochen. Viel Streit gab\\'s in der n\u00e4chster Zeit, dazu war\\'n \\\"Mitglieder\\\" nicht bereit. So schrumpfte uns\\'re gro\u00dfe Zahl, nicht viele war\\'n wir auf einmal. Die Hilfe nahm uns weg die Stadt, und einige hatten\\'s dann satt, Es war \\'ne ziemlich schwere Zeit, der \\\"harte Kern\\\" blieb doch bereit. Nach Jahren half die Stadt uns doch, und so ist es auch heute noch. Die Unterst\u00fctzung tat uns gut, so ging\\'s voran mit neuem Mut. Wir machten einfach tapfer weiter, so wurden wir ganz gute Streiter. 3 Stra\u00dfenfeste organisierten wir, da gab es nicht nur Wein und Bier. Waldackers Einfahrt sah schlimm aus, wir machten dort was Sch\u00f6nes draus. Es wurde bunt, naturverbunden, und alle ha\\'m es gut gefunden. Am Buchrain ist \\'s jetzt gr\u00fcn und sch\u00f6n, noch heute ganz toll anzuseh\\'n. Dort schuften immer noch wir Alten, um das Ganze zu erhalten. Die B\u00fcrger fanden\\'s ziemlich gut, das machte uns dann weiter Mut. Und dann, bei uns\\'rem Boulebahnbau, war\\'n \\'s unsere M\u00e4nner, keine Frau. Wir boulen jeden Freitag jetzt, mit Frauen ist das meist\\' besetzt. Dabei war schon so mancher Mann, versucht, ob er es besser kann. Auch am PC bilden wir aus, Senioren lernen viel daraus. Mit Nordic Walking, Radlergruppe, bilden wir noch manche Truppe. Doch nur vom Sport wird man nicht satt, so fand \\'ne Essensgruppe statt. Die ist inzwischen ziemlich gro\u00df, alle 2 Wochen geht es los. Am B\u00fcrgertreff sah\\'s triste aus, so pflanzten wir was rund ums Haus. \\'ne Baumelbank\u00a0 wir gerne h\u00e4tten, das k\u00f6nnt\\' so manche Knie retten. Projekte gibt es ja noch viel, so sind wir lange nicht am Ziel. Ich w\u00fcnsch\\' uns noch \\'ne gute Zeit, mit guten Freunden - so wie heut\\'. \u00a0\", \"Deutsch Female\");\n                }\n            };\n        <\/script>\n    \n<p>&nbsp;<\/p>\n<p style=\"text-align: center;\"><span style=\"font-size: 20px;\"><strong>Von:<\/strong> <\/span><br \/>\n<span style=\"font-size: 20px;\"><img data-recalc-dims=\"1\" loading=\"lazy\" decoding=\"async\" data-attachment-id=\"17933\" data-permalink=\"https:\/\/www.quartier-waldacker.de\/?attachment_id=17933#main\" data-orig-file=\"https:\/\/i0.wp.com\/www.quartier-waldacker.de\/wp-content\/uploads\/2018\/04\/annemarie_152_207.jpg?fit=152%2C207&amp;ssl=1\" data-orig-size=\"152,207\" data-comments-opened=\"1\" data-image-meta=\"{&quot;aperture&quot;:&quot;0&quot;,&quot;credit&quot;:&quot;&quot;,&quot;camera&quot;:&quot;&quot;,&quot;caption&quot;:&quot;&quot;,&quot;created_timestamp&quot;:&quot;0&quot;,&quot;copyright&quot;:&quot;&quot;,&quot;focal_length&quot;:&quot;0&quot;,&quot;iso&quot;:&quot;0&quot;,&quot;shutter_speed&quot;:&quot;0&quot;,&quot;title&quot;:&quot;&quot;,&quot;orientation&quot;:&quot;1&quot;}\" data-image-title=\"annemarie_152_207\" data-image-description=\"\" data-image-caption=\"\" data-large-file=\"https:\/\/i0.wp.com\/www.quartier-waldacker.de\/wp-content\/uploads\/2018\/04\/annemarie_152_207.jpg?fit=152%2C207&amp;ssl=1\" class=\"alignnone  wp-image-17933\" src=\"https:\/\/i0.wp.com\/www.quartier-waldacker.de\/wp-content\/uploads\/2018\/04\/annemarie_152_207.jpg?resize=82%2C112&#038;ssl=1\" alt=\"\" width=\"82\" height=\"112\" \/><\/span><span style=\"font-size: 20px;\"><br \/>\nAnnemarie Eck &#8211;<br \/>\n<\/span><span style=\"font-size: 20px;\">M<\/span><span style=\"font-size: 20px;\">oderatorin der\u00a0 Quartiersgruppe Waldacker<\/span><\/p>\n<p style=\"text-align: center;\"><span style=\"font-size: 20px;\">10 Jahre ist die Gruppe alt,<br \/>\n<\/span><span style=\"font-size: 20px;\">die Zeit vergeht, so ist es halt.<br \/>\n<\/span><span style=\"font-size: 20px;\">Noch j\u00fcnger kam auch ich hinzu,<br \/>\n<\/span><span style=\"font-size: 20px;\">seitdem lie\u00df es mich nicht in Ruh&#8217;.<\/span><\/p>\n<p style=\"text-align: center;\"><span style=\"font-size: 20px;\">Mit der BI begann&#8217;s f\u00fcr mich,<br \/>\n<\/span><span style=\"font-size: 20px;\">mein\u00a0 Bruder litt grad&#8217; f\u00fcrchterlich.<br \/>\n<\/span><span style=\"font-size: 20px;\">teilnehmen konnte er grad&#8217; nich&#8217;,<br \/>\n<\/span><span style=\"font-size: 20px;\">und darum schickte er dann mich.<\/span><\/p>\n<p style=\"text-align: center;\"><span style=\"font-size: 20px;\">Um unseren Stra\u00dfenumbau ging&#8217;s,<br \/>\n<\/span><span style=\"font-size: 20px;\">um Parkstreifen mal rechts mal links.<br \/>\n<\/span><span style=\"font-size: 20px;\">Die Busbuchten fand man verkehrt,<br \/>\n<\/span><span style=\"font-size: 20px;\">dagegen ha&#8217;m wir uns gewehrt.<\/span><\/p>\n<p style=\"text-align: center;\"><span style=\"font-size: 20px;\">Durch den Beruf\u00a0 ich wenig kannt&#8217;,<br \/>\n<\/span><span style=\"font-size: 20px;\">doch dadurch ich Bekannte fand.<br \/>\n<\/span><span style=\"font-size: 20px;\">So einige fand ich recht nett,<br \/>\n<\/span><span style=\"font-size: 20px;\">die ich ja sonst auch heut&#8217; nicht h\u00e4tt&#8217;.<\/span><\/p>\n<p style=\"text-align: center;\"><span style=\"font-size: 20px;\">Doch dann der Wolfgang Geiken-Weigt,<br \/>\n<\/span><span style=\"font-size: 20px;\">die Zukunftswerkstatt hielt bereit.<br \/>\n<\/span><span style=\"font-size: 20px;\">Genehmigt hat&#8217;s der Roland Kern,<br \/>\n<\/span><span style=\"font-size: 20px;\">als B\u00fcrgermeister tat er &#8216;s gern.<\/span><\/p>\n<p style=\"text-align: center;\"><span style=\"font-size: 20px;\">Daraus Quartiersgruppe entstand,<br \/>\n<\/span><span style=\"font-size: 20px;\">mit der mich gleich sehr viel verband.<br \/>\n<\/span><span style=\"font-size: 20px;\">Der B\u00fcrgertreff war unser Heim,<br \/>\n<\/span><span style=\"font-size: 20px;\">geh\u00f6rte doch nicht uns allein.<\/span><\/p>\n<p style=\"text-align: center;\"><span style=\"font-size: 20px;\">Die Stadt braucht&#8217; noch f\u00fcr Kinder Platz,<br \/>\n<\/span><span style=\"font-size: 20px;\">nahm B\u00fcrgertreff hier als Ersatz.<br \/>\n<\/span><span style=\"font-size: 20px;\">&#8220;Keine Einschr\u00e4nkung&#8221; wurd&#8217; uns versprochen,<br \/>\n<\/span><span style=\"font-size: 20px;\">jedoch das hat man dann gebrochen.<\/span><\/p>\n<p style=\"text-align: center;\"><span style=\"font-size: 20px;\">Viel Streit gab&#8217;s in der n\u00e4chster Zeit,<br \/>\n<\/span><span style=\"font-size: 20px;\">dazu war&#8217;n &#8220;Mitglieder&#8221; nicht bereit.<br \/>\n<\/span><span style=\"font-size: 20px;\">So schrumpfte uns&#8217;re gro\u00dfe Zahl,<br \/>\n<\/span><span style=\"font-size: 20px;\">nicht viele war&#8217;n wir auf einmal.<\/span><\/p>\n<p style=\"text-align: center;\"><span style=\"font-size: 20px;\">Die Hilfe nahm uns weg die Stadt,<br \/>\n<\/span><span style=\"font-size: 20px;\">und einige hatten&#8217;s dann satt,<br \/>\n<\/span><span style=\"font-size: 20px;\">Es war &#8216;ne ziemlich schwere Zeit,<br \/>\nder &#8220;harte Kern&#8221; blieb doch bereit.<\/span><\/p>\n<p style=\"text-align: center;\"><span style=\"font-size: 20px;\">Nach Jahren half die Stadt uns doch,<br \/>\n<\/span><span style=\"font-size: 20px;\">und so ist es auch heute noch.<br \/>\n<\/span><span style=\"font-size: 20px;\">Die Unterst\u00fctzung tat uns gut,<br \/>\n<\/span><span style=\"font-size: 20px;\">so ging&#8217;s voran mit neuem Mut.<\/span><\/p>\n<p style=\"text-align: center;\"><span style=\"font-size: 20px;\">Wir machten einfach tapfer weiter,<br \/>\n<\/span><span style=\"font-size: 20px;\">so wurden wir ganz gute Streiter.<br \/>\n<\/span><span style=\"font-size: 20px;\">3 Stra\u00dfenfeste organisierten wir,<br \/>\n<\/span><span style=\"font-size: 20px;\">da gab es nicht nur Wein und Bier.<\/span><\/p>\n<p style=\"text-align: center;\"><span style=\"font-size: 20px;\">Waldackers Einfahrt sah schlimm aus,<br \/>\n<\/span><span style=\"font-size: 20px;\">wir machten dort was Sch\u00f6nes draus.<br \/>\n<\/span><span style=\"font-size: 20px;\">Es wurde bunt, naturverbunden,<br \/>\n<\/span><span style=\"font-size: 20px;\">und alle ha&#8217;m es gut gefunden.<\/span><\/p>\n<p style=\"text-align: center;\"><span style=\"font-size: 20px;\">Am Buchrain ist &#8216;s jetzt gr\u00fcn und sch\u00f6n,<br \/>\n<\/span><span style=\"font-size: 20px;\">noch heute ganz toll anzuseh&#8217;n.<br \/>\n<\/span><span style=\"font-size: 20px;\">Dort schuften immer noch wir Alten,<br \/>\n<\/span><span style=\"font-size: 20px;\">um das Ganze zu erhalten.<\/span><\/p>\n<p style=\"text-align: center;\"><span style=\"font-size: 20px;\">Die B\u00fcrger fanden&#8217;s ziemlich gut,<br \/>\n<\/span><span style=\"font-size: 20px;\">das machte uns dann weiter Mut.<br \/>\n<\/span><span style=\"font-size: 20px;\">Und dann, bei uns&#8217;rem Boulebahnbau,<br \/>\n<\/span><span style=\"font-size: 20px;\">war&#8217;n &#8216;s unsere M\u00e4nner, keine Frau.<\/span><\/p>\n<p style=\"text-align: center;\"><span style=\"font-size: 20px;\">Wir boulen jeden Freitag jetzt,<br \/>\n<\/span><span style=\"font-size: 20px;\">mit Frauen ist das meist&#8217; besetzt.<br \/>\n<\/span><span style=\"font-size: 20px;\">Dabei war schon so mancher Mann,<br \/>\n<\/span><span style=\"font-size: 20px;\">versucht, ob er es besser kann.<\/span><\/p>\n<p style=\"text-align: center;\"><span style=\"font-size: 20px;\">Auch am PC bilden wir aus,<br \/>\n<\/span><span style=\"font-size: 20px;\">Senioren lernen viel daraus.<br \/>\n<\/span><span style=\"font-size: 20px;\">Mit Nordic Walking, Radlergruppe,<br \/>\n<\/span><span style=\"font-size: 20px;\">bilden wir noch manche Truppe.<\/span><\/p>\n<p style=\"text-align: center;\"><span style=\"font-size: 20px;\">Doch nur vom Sport wird man nicht satt,<br \/>\n<\/span><span style=\"font-size: 20px;\">so fand &#8216;ne Essensgruppe statt.<br \/>\n<\/span><span style=\"font-size: 20px;\">Die ist inzwischen ziemlich gro\u00df,<br \/>\n<\/span><span style=\"font-size: 20px;\">alle 2 Wochen geht es los.<\/span><\/p>\n<p style=\"text-align: center;\"><span style=\"font-size: 20px;\">Am B\u00fcrgertreff sah&#8217;s triste aus,<br \/>\n<\/span><span style=\"font-size: 20px;\">so pflanzten wir was rund ums Haus.<br \/>\n<\/span><span style=\"font-size: 20px;\">&#8216;ne Baumelbank\u00a0 wir gerne h\u00e4tten,<br \/>\n<\/span><span style=\"font-size: 20px;\">das k\u00f6nnt&#8217; so manche Knie retten.<\/span><\/p>\n<p style=\"text-align: center;\"><span style=\"font-size: 20px;\">Projekte gibt es ja noch viel,<br \/>\n<\/span><span style=\"font-size: 20px;\">so sind wir lange nicht am Ziel.<br \/>\n<\/span><span style=\"font-size: 20px;\">Ich w\u00fcnsch&#8217; uns noch &#8216;ne gute Zeit,<br \/>\n<\/span><span style=\"font-size: 20px;\">mit guten Freunden &#8211; so wie heut&#8217;.<\/span><\/p>\n<p style=\"text-align: center;\">\u00a0<\/p>\n<p>&nbsp;<\/p>\n<p>&nbsp;<\/p>\n","protected":false},"excerpt":{"rendered":"<p>&nbsp; Von: Annemarie Eck &#8211; Moderatorin der\u00a0 Quartiersgruppe Waldacker 10 Jahre ist die Gruppe alt, die Zeit vergeht, so ist es halt. Noch j\u00fcnger kam auch ich hinzu, seitdem lie\u00df es mich nicht in Ruh&#8217;. Mit der BI begann&#8217;s f\u00fcr mich, mein\u00a0 Bruder litt grad&#8217; f\u00fcrchterlich. teilnehmen konnte er grad&#8217; nich&#8217;, und darum schickte er &#8230; <a title=\"Gedicht  &#8211; 10 Jahre Quartier-Waldacker\" class=\"read-more\" href=\"https:\/\/www.quartier-waldacker.de\/?page_id=20874\" aria-label=\"Mehr Informationen \u00fcber Gedicht  &#8211; 10 Jahre Quartier-Waldacker\">Weiterlesen<\/a><\/p>\n","protected":false},"author":1,"featured_media":20863,"parent":0,"menu_order":0,"comment_status":"closed","ping_status":"closed","template":"","meta":{"generate_page_header":"","footnotes":""},"class_list":["post-20874","page","type-page","status-publish","has-post-thumbnail"],"jetpack-related-posts":[{"id":21385,"url":"https:\/\/www.quartier-waldacker.de\/","url_meta":{"origin":20874,"position":0},"title":"Was ist Quartier-Waldacker?","author":"admin","date":"8. November 2012","format":false,"excerpt":"Willkommen auf unserer Homepage! Wir sind eine Gruppe von engagierten B\u00fcrgern aus Waldacker, die versucht das Leben in Waldacker annehmlicher zu gestalten. Mitmachen kann jeder, solange es ihm gef\u00e4llt. Es werden keine Beitr\u00e4ge erhoben. Projekte die Geld kosten, werden teilweise gesponsert oder erarbeitet. H\u00e4uptlinge gibt es keine. Projekte werden in\u2026","rel":"","context":"Similar post","block_context":{"text":"Similar post","link":""},"img":{"alt_text":"","src":"https:\/\/i0.wp.com\/www.quartier-waldacker.de\/wp-content\/uploads\/2022\/07\/IMG_6756_1280_1-2.jpg?resize=350%2C200&ssl=1","width":350,"height":200,"srcset":"https:\/\/i0.wp.com\/www.quartier-waldacker.de\/wp-content\/uploads\/2022\/07\/IMG_6756_1280_1-2.jpg?resize=350%2C200&ssl=1 1x, https:\/\/i0.wp.com\/www.quartier-waldacker.de\/wp-content\/uploads\/2022\/07\/IMG_6756_1280_1-2.jpg?resize=525%2C300&ssl=1 1.5x, https:\/\/i0.wp.com\/www.quartier-waldacker.de\/wp-content\/uploads\/2022\/07\/IMG_6756_1280_1-2.jpg?resize=700%2C400&ssl=1 2x, https:\/\/i0.wp.com\/www.quartier-waldacker.de\/wp-content\/uploads\/2022\/07\/IMG_6756_1280_1-2.jpg?resize=1050%2C600&ssl=1 3x"},"classes":[]},{"id":21588,"url":"https:\/\/www.quartier-waldacker.de\/?page_id=21588","url_meta":{"origin":20874,"position":1},"title":"Wie registriere ich mich?","author":"admin","date":"15. Januar 2023","format":false,"excerpt":"1. Wo finde ich auf der Homepage die Anmeldebox und wo kann ich mich registrieren? \u00a0 \u00a0 \u00a0 \u00a0 \u00a0 \u00a0 \u00a0 Der Begriff \u201eRegistrieren\u201c mit der linken Maustaste 1 x klicken.\u00a0 \u00a0 \u00a0 \u00a0 \u00a0 2. Registrierformular ausf\u00fcllen. \u00a0 \u00a0 \u00a0 \u00a0 Benutzernamen: Frei w\u00e4hlbar! (Ist bei Kommentaren und\u2026","rel":"","context":"Similar post","block_context":{"text":"Similar post","link":""},"img":{"alt_text":"","src":"https:\/\/i0.wp.com\/www.quartier-waldacker.de\/wp-content\/uploads\/2018\/01\/AMB-1-768x736-768x702.png?resize=350%2C200&ssl=1","width":350,"height":200},"classes":[]},{"id":21580,"url":"https:\/\/www.quartier-waldacker.de\/?page_id=21580","url_meta":{"origin":20874,"position":2},"title":"Wie kann ich mich anmelden?","author":"admin","date":"15. Januar 2023","format":false,"excerpt":"Um sich sich auf unserer Homepage anzumelden zu k\u00f6nnen m\u00fcssen sie sich bereits registriert haben. 1. Anmelden Nach der Registrierung melden sie sich in der Anmeldebox (Metabox) unter Anmelden\u00a0 (mit der linken Maustaste 1x Klicken) an. Es \u00f6ffnet sich die Anmeldebox. 2. Anmeldebox Benutzername eingebenPasswort eingeben AnmeldenFalls Passwort vergessen? Hier\u2026","rel":"","context":"Similar post","block_context":{"text":"Similar post","link":""},"img":{"alt_text":"","src":"https:\/\/i0.wp.com\/www.quartier-waldacker.de\/wp-content\/uploads\/2018\/01\/Anmelden.png?resize=350%2C200&ssl=1","width":350,"height":200,"srcset":"https:\/\/i0.wp.com\/www.quartier-waldacker.de\/wp-content\/uploads\/2018\/01\/Anmelden.png?resize=350%2C200&ssl=1 1x, https:\/\/i0.wp.com\/www.quartier-waldacker.de\/wp-content\/uploads\/2018\/01\/Anmelden.png?resize=525%2C300&ssl=1 1.5x, https:\/\/i0.wp.com\/www.quartier-waldacker.de\/wp-content\/uploads\/2018\/01\/Anmelden.png?resize=700%2C400&ssl=1 2x"},"classes":[]},{"id":20868,"url":"https:\/\/www.quartier-waldacker.de\/?page_id=20868","url_meta":{"origin":20874,"position":3},"title":"10 Jahre Quartier-Waldacker","author":"admin","date":"26. Juli 2022","format":false,"excerpt":"","rel":"","context":"Similar post","block_context":{"text":"Similar post","link":""},"img":{"alt_text":"","src":"https:\/\/i0.wp.com\/www.quartier-waldacker.de\/wp-content\/uploads\/2022\/07\/IMG_6756_1280_1-2.jpg?fit=1200%2C643&ssl=1&resize=350%2C200","width":350,"height":200,"srcset":"https:\/\/i0.wp.com\/www.quartier-waldacker.de\/wp-content\/uploads\/2022\/07\/IMG_6756_1280_1-2.jpg?fit=1200%2C643&ssl=1&resize=350%2C200 1x, https:\/\/i0.wp.com\/www.quartier-waldacker.de\/wp-content\/uploads\/2022\/07\/IMG_6756_1280_1-2.jpg?fit=1200%2C643&ssl=1&resize=525%2C300 1.5x, https:\/\/i0.wp.com\/www.quartier-waldacker.de\/wp-content\/uploads\/2022\/07\/IMG_6756_1280_1-2.jpg?fit=1200%2C643&ssl=1&resize=700%2C400 2x, https:\/\/i0.wp.com\/www.quartier-waldacker.de\/wp-content\/uploads\/2022\/07\/IMG_6756_1280_1-2.jpg?fit=1200%2C643&ssl=1&resize=1050%2C600 3x"},"classes":[]},{"id":21577,"url":"https:\/\/www.quartier-waldacker.de\/?page_id=21577","url_meta":{"origin":20874,"position":4},"title":"Faqs &#8211; H\u00e4ufig gestellte Fragen","author":"admin","date":"15. Januar 2023","format":false,"excerpt":"Wie kann ich mich anmelden? Wie registriere ich mich? Warum ist eine Registrierung notwendig?","rel":"","context":"Similar post","block_context":{"text":"Similar post","link":""},"img":{"alt_text":"","src":"https:\/\/i0.wp.com\/www.quartier-waldacker.de\/wp-content\/uploads\/2013\/02\/Faq_bearbeitet-1.jpg?fit=1200%2C281&ssl=1&resize=350%2C200","width":350,"height":200,"srcset":"https:\/\/i0.wp.com\/www.quartier-waldacker.de\/wp-content\/uploads\/2013\/02\/Faq_bearbeitet-1.jpg?fit=1200%2C281&ssl=1&resize=350%2C200 1x, https:\/\/i0.wp.com\/www.quartier-waldacker.de\/wp-content\/uploads\/2013\/02\/Faq_bearbeitet-1.jpg?fit=1200%2C281&ssl=1&resize=525%2C300 1.5x, https:\/\/i0.wp.com\/www.quartier-waldacker.de\/wp-content\/uploads\/2013\/02\/Faq_bearbeitet-1.jpg?fit=1200%2C281&ssl=1&resize=700%2C400 2x, https:\/\/i0.wp.com\/www.quartier-waldacker.de\/wp-content\/uploads\/2013\/02\/Faq_bearbeitet-1.jpg?fit=1200%2C281&ssl=1&resize=1050%2C600 3x"},"classes":[]},{"id":21639,"url":"https:\/\/www.quartier-waldacker.de\/?page_id=21639","url_meta":{"origin":20874,"position":5},"title":"Warum ist eine Registrierung notwendig?","author":"admin","date":"16. Januar 2023","format":false,"excerpt":"F\u00fcr die Registrierung ist es notwendig, einen Benutzernamen (frei w\u00e4hlbar und muss nicht aussagef\u00e4hig sein ), ein Passwort und eine g\u00fcltige E-Mail-Adresse anzugeben. Die E-Mail-Adresse kann nicht f\u00fcr 'Spam'-Zwecke missbraucht werden, da diese vor den anderen Benutzern nicht einsehbar ist. Vorteile: Man ist berechtigt Kommentare zu schreiben. Quartiersmitglieder sind zus\u00e4tzlich\u2026","rel":"","context":"Similar post","block_context":{"text":"Similar post","link":""},"img":{"alt_text":"","src":"","width":0,"height":0},"classes":[]}],"jetpack_sharing_enabled":true,"rttpg_featured_image_url":{"full":["https:\/\/i0.wp.com\/www.quartier-waldacker.de\/wp-content\/uploads\/2022\/07\/Header_10JQW.jpg?fit=1280%2C300&ssl=1",1280,300,false],"landscape":["https:\/\/www.quartier-waldacker.de\/wp-content\/uploads\/2022\/07\/Header_10JQW.jpg",1280,300,false],"portraits":["https:\/\/www.quartier-waldacker.de\/wp-content\/uploads\/2022\/07\/Header_10JQW.jpg",1280,300,false],"thumbnail":["https:\/\/i0.wp.com\/www.quartier-waldacker.de\/wp-content\/uploads\/2022\/07\/Header_10JQW.jpg?resize=150%2C150&ssl=1",150,150,true],"medium":["https:\/\/i0.wp.com\/www.quartier-waldacker.de\/wp-content\/uploads\/2022\/07\/Header_10JQW.jpg?fit=300%2C70&ssl=1",300,70,true],"large":["https:\/\/i0.wp.com\/www.quartier-waldacker.de\/wp-content\/uploads\/2022\/07\/Header_10JQW.jpg?fit=1024%2C240&ssl=1",1024,240,true],"1536x1536":["https:\/\/i0.wp.com\/www.quartier-waldacker.de\/wp-content\/uploads\/2022\/07\/Header_10JQW.jpg?fit=1280%2C300&ssl=1",1280,300,true],"2048x2048":["https:\/\/i0.wp.com\/www.quartier-waldacker.de\/wp-content\/uploads\/2022\/07\/Header_10JQW.jpg?fit=1280%2C300&ssl=1",1280,300,true]},"rttpg_author":{"display_name":"admin","author_link":"https:\/\/www.quartier-waldacker.de\/?author=1"},"rttpg_comment":0,"rttpg_category":null,"rttpg_excerpt":"&nbsp; Von: Annemarie Eck &#8211; Moderatorin der\u00a0 Quartiersgruppe Waldacker 10 Jahre ist die Gruppe alt, die Zeit vergeht, so ist es halt. Noch j\u00fcnger kam auch ich hinzu, seitdem lie\u00df es mich nicht in Ruh&#8217;. Mit der BI begann&#8217;s f\u00fcr mich, mein\u00a0 Bruder litt grad&#8217; f\u00fcrchterlich. teilnehmen konnte er grad&#8217; nich&#8217;, und darum schickte er&hellip;","_links":{"self":[{"href":"https:\/\/www.quartier-waldacker.de\/index.php?rest_route=\/wp\/v2\/pages\/20874","targetHints":{"allow":["GET"]}}],"collection":[{"href":"https:\/\/www.quartier-waldacker.de\/index.php?rest_route=\/wp\/v2\/pages"}],"about":[{"href":"https:\/\/www.quartier-waldacker.de\/index.php?rest_route=\/wp\/v2\/types\/page"}],"author":[{"embeddable":true,"href":"https:\/\/www.quartier-waldacker.de\/index.php?rest_route=\/wp\/v2\/users\/1"}],"replies":[{"embeddable":true,"href":"https:\/\/www.quartier-waldacker.de\/index.php?rest_route=%2Fwp%2Fv2%2Fcomments&post=20874"}],"version-history":[{"count":0,"href":"https:\/\/www.quartier-waldacker.de\/index.php?rest_route=\/wp\/v2\/pages\/20874\/revisions"}],"wp:featuredmedia":[{"embeddable":true,"href":"https:\/\/www.quartier-waldacker.de\/index.php?rest_route=\/wp\/v2\/media\/20863"}],"wp:attachment":[{"href":"https:\/\/www.quartier-waldacker.de\/index.php?rest_route=%2Fwp%2Fv2%2Fmedia&parent=20874"}],"curies":[{"name":"wp","href":"https:\/\/api.w.org\/{rel}","templated":true}]}}