{"id":12567,"date":"2017-03-21T17:12:47","date_gmt":"2017-03-21T16:12:47","guid":{"rendered":"https:\/\/www.quartier-waldacker.de\/?page_id=12567"},"modified":"2024-06-23T09:07:33","modified_gmt":"2024-06-23T07:07:33","slug":"radtouren-2","status":"publish","type":"page","link":"https:\/\/www.quartier-waldacker.de\/?page_id=12567","title":{"rendered":"Radtouren\u00fcbersicht Total"},"content":{"rendered":"\n<figure class=\"wp-block-image size-large\"><img data-recalc-dims=\"1\" loading=\"lazy\" decoding=\"async\" width=\"1024\" height=\"240\" data-attachment-id=\"22240\" data-permalink=\"https:\/\/www.quartier-waldacker.de\/?attachment_id=22240#main\" data-orig-file=\"https:\/\/i0.wp.com\/www.quartier-waldacker.de\/wp-content\/uploads\/2023\/03\/Header_Gruppe.jpg?fit=1280%2C300&amp;ssl=1\" data-orig-size=\"1280,300\" data-comments-opened=\"1\" data-image-meta=\"{&quot;aperture&quot;:&quot;0&quot;,&quot;credit&quot;:&quot;&quot;,&quot;camera&quot;:&quot;&quot;,&quot;caption&quot;:&quot;&quot;,&quot;created_timestamp&quot;:&quot;0&quot;,&quot;copyright&quot;:&quot;&quot;,&quot;focal_length&quot;:&quot;0&quot;,&quot;iso&quot;:&quot;0&quot;,&quot;shutter_speed&quot;:&quot;0&quot;,&quot;title&quot;:&quot;&quot;,&quot;orientation&quot;:&quot;1&quot;}\" data-image-title=\"Header_Gruppe\" data-image-description=\"\" data-image-caption=\"\" data-large-file=\"https:\/\/i0.wp.com\/www.quartier-waldacker.de\/wp-content\/uploads\/2023\/03\/Header_Gruppe.jpg?fit=1024%2C240&amp;ssl=1\" src=\"https:\/\/i0.wp.com\/www.quartier-waldacker.de\/wp-content\/uploads\/2023\/03\/Header_Gruppe.jpg?resize=1024%2C240&#038;ssl=1\" alt=\"\" class=\"wp-image-22240\" srcset=\"https:\/\/i0.wp.com\/www.quartier-waldacker.de\/wp-content\/uploads\/2023\/03\/Header_Gruppe.jpg?resize=1024%2C240&amp;ssl=1 1024w, https:\/\/i0.wp.com\/www.quartier-waldacker.de\/wp-content\/uploads\/2023\/03\/Header_Gruppe.jpg?resize=300%2C70&amp;ssl=1 300w, https:\/\/i0.wp.com\/www.quartier-waldacker.de\/wp-content\/uploads\/2023\/03\/Header_Gruppe.jpg?resize=768%2C180&amp;ssl=1 768w, https:\/\/i0.wp.com\/www.quartier-waldacker.de\/wp-content\/uploads\/2023\/03\/Header_Gruppe.jpg?w=1280&amp;ssl=1 1280w\" sizes=\"auto, (max-width: 1024px) 100vw, 1024px\" \/><\/figure>\n\n\n        <div class=\"rttpg-block-postgrid rttpg-block-wrapper rttpg-block-48884d aligncenter tpg-wrapper-align-center tpg-filter-type-dropdown pagination-visibility-show section-title-style-style1 img_hover_animation_default title-three-line title_position_default title_hover_border_default meta_position_default tpg-is-author-icon-default author-image-visibility-icon tpg-category-position-default readmore-btn-default-style grid-hover-overlay-type-always grid-hover-overlay-height-default hover-overlay-height-default tpg-title-border-default filter-nex-prev-btn-visible tpg-cat-style1 slider-scroll-hide act-label-style-inline\">\n            <div class=\"rt-container-fluid rt-tpg-container tpg-el-main-wrapper tpg-gutenberg clearfix grid-layout4-main\"\n                 id=\"rt-tpg-container-2841227731\"\n                 data-layout=\"grid-layout4\"\n                 data-grid-style=\"tpg-even\" data-sc-id=\"elementor\"\n                 data-el-settings=''\n                 data-el-query=''\n                 data-el-path=''>\n\t\t\t\t                <div class='tpg-header-wrapper '>\n\t\t\t\t\t                <\/div>\n\n                <div class=\"rt-row rt-content-loader gutenberg-inner grid-layout4 grid-behaviour tpg-even grid_layout_wrapper\">\n\t\t\t\t\t\n<div class=\"rt-col-md-6 rt-col-sm-6 rt-col-xs-12 default rt-grid-item\" data-id=\"27833\">\n\t<div class=\"rt-holder tpg-post-holder \">\n\t\t<div class=\"rt-detail rt-el-content-wrapper\">\n\t\t\t\n\n\t\t\t<div class=\"entry-title-wrapper\"><h4 class=\"entry-title\"><a data-id=\"27833\" href=\"https:\/\/www.quartier-waldacker.de\/?p=27833\" class=\"tpg-post-link\" target=\"_self\">Radtour am Main mit Picknick am Schultheisweiher<\/a><\/h4><\/div>\n\t\t\t\n\t\t\t\n\t\t\t        <div class=\"post-footer\">\n            <div class=\"post-footer\">\n                <div class=\"read-more\">\n                    <a data-id=\"27833\" href=\"https:\/\/www.quartier-waldacker.de\/?p=27833\" class=\"tpg-post-link\" target=\"_self\">Tourbeschreibung<\/a>                <\/div>\n            <\/div>\n        <\/div>\n        \t\t<\/div>\n\t<\/div>\n<\/div>\n\n<div class=\"rt-col-md-6 rt-col-sm-6 rt-col-xs-12 default rt-grid-item\" data-id=\"27792\">\n\t<div class=\"rt-holder tpg-post-holder \">\n\t\t<div class=\"rt-detail rt-el-content-wrapper\">\n\t\t\t\n\n\t\t\t<div class=\"entry-title-wrapper\"><h4 class=\"entry-title\"><a data-id=\"27792\" href=\"https:\/\/www.quartier-waldacker.de\/?p=27792\" class=\"tpg-post-link\" target=\"_self\">Ab in den Frankfurter Stadtwald \u2013 Auf zum Goetheturm! (54 km)<\/a><\/h4><\/div>\n\t\t\t\n\t\t\t\n\t\t\t        <div class=\"post-footer\">\n            <div class=\"post-footer\">\n                <div class=\"read-more\">\n                    <a data-id=\"27792\" href=\"https:\/\/www.quartier-waldacker.de\/?p=27792\" class=\"tpg-post-link\" target=\"_self\">Tourbeschreibung<\/a>                <\/div>\n            <\/div>\n        <\/div>\n        \t\t<\/div>\n\t<\/div>\n<\/div>\n\n<div class=\"rt-col-md-6 rt-col-sm-6 rt-col-xs-12 default rt-grid-item\" data-id=\"27773\">\n\t<div class=\"rt-holder tpg-post-holder \">\n\t\t<div class=\"rt-detail rt-el-content-wrapper\">\n\t\t\t\n\n\t\t\t<div class=\"entry-title-wrapper\"><h4 class=\"entry-title\"><a data-id=\"27773\" href=\"https:\/\/www.quartier-waldacker.de\/?p=27773\" class=\"tpg-post-link\" target=\"_self\">Radtour nach Gro\u00df\u2011Zimmern und zum Reinheimer Teich (51 km)<\/a><\/h4><\/div>\n\t\t\t\n\t\t\t\n\t\t\t        <div class=\"post-footer\">\n            <div class=\"post-footer\">\n                <div class=\"read-more\">\n                    <a data-id=\"27773\" href=\"https:\/\/www.quartier-waldacker.de\/?p=27773\" class=\"tpg-post-link\" target=\"_self\">Tourbeschreibung<\/a>                <\/div>\n            <\/div>\n        <\/div>\n        \t\t<\/div>\n\t<\/div>\n<\/div>\n\n<div class=\"rt-col-md-6 rt-col-sm-6 rt-col-xs-12 default rt-grid-item\" data-id=\"27735\">\n\t<div class=\"rt-holder tpg-post-holder \">\n\t\t<div class=\"rt-detail rt-el-content-wrapper\">\n\t\t\t\n\n\t\t\t<div class=\"entry-title-wrapper\"><h4 class=\"entry-title\"><a data-id=\"27735\" href=\"https:\/\/www.quartier-waldacker.de\/?p=27735\" class=\"tpg-post-link\" target=\"_self\">Radtour nach Gro\u00dfostheim zur \u201eBlauen Adria\u201c<\/a><\/h4><\/div>\n\t\t\t\n\t\t\t\n\t\t\t        <div class=\"post-footer\">\n            <div class=\"post-footer\">\n                <div class=\"read-more\">\n                    <a data-id=\"27735\" href=\"https:\/\/www.quartier-waldacker.de\/?p=27735\" class=\"tpg-post-link\" target=\"_self\">Tourbeschreibung<\/a>                <\/div>\n            <\/div>\n        <\/div>\n        \t\t<\/div>\n\t<\/div>\n<\/div>\n\n<div class=\"rt-col-md-6 rt-col-sm-6 rt-col-xs-12 default rt-grid-item\" data-id=\"27701\">\n\t<div class=\"rt-holder tpg-post-holder \">\n\t\t<div class=\"rt-detail rt-el-content-wrapper\">\n\t\t\t\n\n\t\t\t<div class=\"entry-title-wrapper\"><h4 class=\"entry-title\"><a data-id=\"27701\" href=\"https:\/\/www.quartier-waldacker.de\/?p=27701\" class=\"tpg-post-link\" target=\"_self\">Radfahrgruppe auf Schlemmertour (43 km)<\/a><\/h4><\/div>\n\t\t\t\n\t\t\t\n\t\t\t        <div class=\"post-footer\">\n            <div class=\"post-footer\">\n                <div class=\"read-more\">\n                    <a data-id=\"27701\" href=\"https:\/\/www.quartier-waldacker.de\/?p=27701\" class=\"tpg-post-link\" target=\"_self\">Tourbeschreibung<\/a>                <\/div>\n            <\/div>\n        <\/div>\n        \t\t<\/div>\n\t<\/div>\n<\/div>\n\n<div class=\"rt-col-md-6 rt-col-sm-6 rt-col-xs-12 default rt-grid-item\" data-id=\"27667\">\n\t<div class=\"rt-holder tpg-post-holder \">\n\t\t<div class=\"rt-detail rt-el-content-wrapper\">\n\t\t\t\n\n\t\t\t<div class=\"entry-title-wrapper\"><h4 class=\"entry-title\"><a data-id=\"27667\" href=\"https:\/\/www.quartier-waldacker.de\/?p=27667\" class=\"tpg-post-link\" target=\"_self\">Sonne satt und Pasta: Radtour nach Babenhausen (46 km)<\/a><\/h4><\/div>\n\t\t\t\n\t\t\t\n\t\t\t        <div class=\"post-footer\">\n            <div class=\"post-footer\">\n                <div class=\"read-more\">\n                    <a data-id=\"27667\" href=\"https:\/\/www.quartier-waldacker.de\/?p=27667\" class=\"tpg-post-link\" target=\"_self\">Tourbeschreibung<\/a>                <\/div>\n            <\/div>\n        <\/div>\n        \t\t<\/div>\n\t<\/div>\n<\/div>\n\n<div class=\"rt-col-md-6 rt-col-sm-6 rt-col-xs-12 default rt-grid-item\" data-id=\"27583\">\n\t<div class=\"rt-holder tpg-post-holder \">\n\t\t<div class=\"rt-detail rt-el-content-wrapper\">\n\t\t\t\n\n\t\t\t<div class=\"entry-title-wrapper\"><h4 class=\"entry-title\"><a data-id=\"27583\" href=\"https:\/\/www.quartier-waldacker.de\/?p=27583\" class=\"tpg-post-link\" target=\"_self\">Fr\u00fchlingserwachen auf zwei R\u00e4dern: 12. Saisonstart mit 96-j\u00e4hrigem Senior!<\/a><\/h4><\/div>\n\t\t\t\n\t\t\t\n\t\t\t        <div class=\"post-footer\">\n            <div class=\"post-footer\">\n                <div class=\"read-more\">\n                    <a data-id=\"27583\" href=\"https:\/\/www.quartier-waldacker.de\/?p=27583\" class=\"tpg-post-link\" target=\"_self\">Tourbeschreibung<\/a>                <\/div>\n            <\/div>\n        <\/div>\n        \t\t<\/div>\n\t<\/div>\n<\/div>\n\n<div class=\"rt-col-md-6 rt-col-sm-6 rt-col-xs-12 default rt-grid-item\" data-id=\"27565\">\n\t<div class=\"rt-holder tpg-post-holder \">\n\t\t<div class=\"rt-detail rt-el-content-wrapper\">\n\t\t\t\n\n\t\t\t<div class=\"entry-title-wrapper\"><h4 class=\"entry-title\"><a data-id=\"27565\" href=\"https:\/\/www.quartier-waldacker.de\/?p=27565\" class=\"tpg-post-link\" target=\"_self\">Fr\u00fchlingserwachen bei den Quartier-Waldacker-Radlern<\/a><\/h4><\/div>\n\t\t\t\n\t\t\t\n\t\t\t        <div class=\"post-footer\">\n            <div class=\"post-footer\">\n                <div class=\"read-more\">\n                    <a data-id=\"27565\" href=\"https:\/\/www.quartier-waldacker.de\/?p=27565\" class=\"tpg-post-link\" target=\"_self\">Tourbeschreibung<\/a>                <\/div>\n            <\/div>\n        <\/div>\n        \t\t<\/div>\n\t<\/div>\n<\/div>\n\n<div class=\"rt-col-md-6 rt-col-sm-6 rt-col-xs-12 default rt-grid-item\" data-id=\"27378\">\n\t<div class=\"rt-holder tpg-post-holder \">\n\t\t<div class=\"rt-detail rt-el-content-wrapper\">\n\t\t\t\n\n\t\t\t<div class=\"entry-title-wrapper\"><h4 class=\"entry-title\"><a data-id=\"27378\" href=\"https:\/\/www.quartier-waldacker.de\/?p=27378\" class=\"tpg-post-link\" target=\"_self\">Die Radler der Quartiers-Gruppe beenden die Saison 2025<\/a><\/h4><\/div>\n\t\t\t\n\t\t\t\n\t\t\t        <div class=\"post-footer\">\n            <div class=\"post-footer\">\n                <div class=\"read-more\">\n                    <a data-id=\"27378\" href=\"https:\/\/www.quartier-waldacker.de\/?p=27378\" class=\"tpg-post-link\" target=\"_self\">Tourbeschreibung<\/a>                <\/div>\n            <\/div>\n        <\/div>\n        \t\t<\/div>\n\t<\/div>\n<\/div>\n\n<div class=\"rt-col-md-6 rt-col-sm-6 rt-col-xs-12 default rt-grid-item\" data-id=\"27048\">\n\t<div class=\"rt-holder tpg-post-holder \">\n\t\t<div class=\"rt-detail rt-el-content-wrapper\">\n\t\t\t\n\n\t\t\t<div class=\"entry-title-wrapper\"><h4 class=\"entry-title\"><a data-id=\"27048\" href=\"https:\/\/www.quartier-waldacker.de\/?p=27048\" class=\"tpg-post-link\" target=\"_self\">Picknick am Wartturm bei Schaafsheim<\/a><\/h4><\/div>\n\t\t\t\n\t\t\t\n\t\t\t        <div class=\"post-footer\">\n            <div class=\"post-footer\">\n                <div class=\"read-more\">\n                    <a data-id=\"27048\" href=\"https:\/\/www.quartier-waldacker.de\/?p=27048\" class=\"tpg-post-link\" target=\"_self\">Tourbeschreibung<\/a>                <\/div>\n            <\/div>\n        <\/div>\n        \t\t<\/div>\n\t<\/div>\n<\/div>\n\n<div class=\"rt-col-md-6 rt-col-sm-6 rt-col-xs-12 default rt-grid-item\" data-id=\"27001\">\n\t<div class=\"rt-holder tpg-post-holder \">\n\t\t<div class=\"rt-detail rt-el-content-wrapper\">\n\t\t\t\n\n\t\t\t<div class=\"entry-title-wrapper\"><h4 class=\"entry-title\"><a data-id=\"27001\" href=\"https:\/\/www.quartier-waldacker.de\/?p=27001\" class=\"tpg-post-link\" target=\"_self\">Stadtradeln 2025<\/a><\/h4><\/div>\n\t\t\t\n\t\t\t\n\t\t\t        <div class=\"post-footer\">\n            <div class=\"post-footer\">\n                <div class=\"read-more\">\n                    <a data-id=\"27001\" href=\"https:\/\/www.quartier-waldacker.de\/?p=27001\" class=\"tpg-post-link\" target=\"_self\">Tourbeschreibung<\/a>                <\/div>\n            <\/div>\n        <\/div>\n        \t\t<\/div>\n\t<\/div>\n<\/div>\n\n<div class=\"rt-col-md-6 rt-col-sm-6 rt-col-xs-12 default rt-grid-item\" data-id=\"26904\">\n\t<div class=\"rt-holder tpg-post-holder \">\n\t\t<div class=\"rt-detail rt-el-content-wrapper\">\n\t\t\t\n\n\t\t\t<div class=\"entry-title-wrapper\"><h4 class=\"entry-title\"><a data-id=\"26904\" href=\"https:\/\/www.quartier-waldacker.de\/?p=26904\" class=\"tpg-post-link\" target=\"_self\">Radtour \u00fcber die Mainbr\u00fccken von Frankfurt<\/a><\/h4><\/div>\n\t\t\t\n\t\t\t\n\t\t\t        <div class=\"post-footer\">\n            <div class=\"post-footer\">\n                <div class=\"read-more\">\n                    <a data-id=\"26904\" href=\"https:\/\/www.quartier-waldacker.de\/?p=26904\" class=\"tpg-post-link\" target=\"_self\">Tourbeschreibung<\/a>                <\/div>\n            <\/div>\n        <\/div>\n        \t\t<\/div>\n\t<\/div>\n<\/div>\n                <\/div>\n\n\t\t\t\t<div class='rt-pagination-wrap' data-total-pages='10' data-posts-per-page='12' data-type='pagination'><div class=\"rt-pagination\"><ul class=\"pagination-list\"><li class=\"active\"><span>1<\/span><\/li><li><a data-paged='2' href='https:\/\/www.quartier-waldacker.de\/index.php?rest_route=%2Fwp%2Fv2%2Fpages%2F12567&#038;paged=2'>2<\/a><\/li><li><a data-paged='3' href='https:\/\/www.quartier-waldacker.de\/index.php?rest_route=%2Fwp%2Fv2%2Fpages%2F12567&#038;paged=3'>3<\/a><\/li><li><a data-paged='4' href='https:\/\/www.quartier-waldacker.de\/index.php?rest_route=%2Fwp%2Fv2%2Fpages%2F12567&#038;paged=4'>4<\/a><\/li><li><a data-paged='5' href='https:\/\/www.quartier-waldacker.de\/index.php?rest_route=%2Fwp%2Fv2%2Fpages%2F12567&#038;paged=5'>5<\/a><\/li><li><a data-paged='2' href=\"https:\/\/www.quartier-waldacker.de\/index.php?rest_route=%2Fwp%2Fv2%2Fpages%2F12567&#038;paged=2\" aria-label='Next'>&rsaquo;<\/a><\/li><li><a data-paged='10' href='https:\/\/www.quartier-waldacker.de\/index.php?rest_route=%2Fwp%2Fv2%2Fpages%2F12567&#038;paged=10' aria-label='Last'>&raquo;<\/a><\/li><\/ul><\/div><\/div>\n            <\/div>\n        <\/div>\n\t\t","protected":false},"excerpt":{"rendered":"","protected":false},"author":1,"featured_media":0,"parent":0,"menu_order":0,"comment_status":"closed","ping_status":"closed","template":"","meta":{"generate_page_header":"","footnotes":""},"class_list":["post-12567","page","type-page","status-publish"],"jetpack-related-posts":[],"jetpack_sharing_enabled":true,"rttpg_featured_image_url":null,"rttpg_author":{"display_name":"admin","author_link":"https:\/\/www.quartier-waldacker.de\/?author=1"},"rttpg_comment":0,"rttpg_category":null,"rttpg_excerpt":null,"_links":{"self":[{"href":"https:\/\/www.quartier-waldacker.de\/index.php?rest_route=\/wp\/v2\/pages\/12567","targetHints":{"allow":["GET"]}}],"collection":[{"href":"https:\/\/www.quartier-waldacker.de\/index.php?rest_route=\/wp\/v2\/pages"}],"about":[{"href":"https:\/\/www.quartier-waldacker.de\/index.php?rest_route=\/wp\/v2\/types\/page"}],"author":[{"embeddable":true,"href":"https:\/\/www.quartier-waldacker.de\/index.php?rest_route=\/wp\/v2\/users\/1"}],"replies":[{"embeddable":true,"href":"https:\/\/www.quartier-waldacker.de\/index.php?rest_route=%2Fwp%2Fv2%2Fcomments&post=12567"}],"version-history":[{"count":0,"href":"https:\/\/www.quartier-waldacker.de\/index.php?rest_route=\/wp\/v2\/pages\/12567\/revisions"}],"wp:attachment":[{"href":"https:\/\/www.quartier-waldacker.de\/index.php?rest_route=%2Fwp%2Fv2%2Fmedia&parent=12567"}],"curies":[{"name":"wp","href":"https:\/\/api.w.org\/{rel}","templated":true}]}}