{"id":11233,"date":"2017-01-14T12:59:43","date_gmt":"2017-01-14T11:59:43","guid":{"rendered":"https:\/\/www.quartier-waldacker.de\/?page_id=11233"},"modified":"2022-09-10T09:25:54","modified_gmt":"2022-09-10T07:25:54","slug":"kontaktpersonen","status":"publish","type":"page","link":"https:\/\/www.quartier-waldacker.de\/?page_id=11233","title":{"rendered":"Ansprechpartner\/innen"},"content":{"rendered":"<p>&nbsp;<\/p>\n<hr \/>\n<p><span style=\"font-size: 14pt; font-family: arial,helvetica,sans-serif;\"><strong><a href=\"https:\/\/i0.wp.com\/www.quartier-waldacker.de\/wp-content\/uploads\/2017\/04\/annemarie.jpg?ssl=1\"><img data-recalc-dims=\"1\" loading=\"lazy\" decoding=\"async\" data-attachment-id=\"13020\" data-permalink=\"https:\/\/www.quartier-waldacker.de\/?attachment_id=13020#main\" data-orig-file=\"https:\/\/i0.wp.com\/www.quartier-waldacker.de\/wp-content\/uploads\/2017\/04\/annemarie.jpg?fit=397%2C540&amp;ssl=1\" data-orig-size=\"397,540\" data-comments-opened=\"1\" data-image-meta=\"{&quot;aperture&quot;:&quot;0&quot;,&quot;credit&quot;:&quot;&quot;,&quot;camera&quot;:&quot;&quot;,&quot;caption&quot;:&quot;&quot;,&quot;created_timestamp&quot;:&quot;0&quot;,&quot;copyright&quot;:&quot;&quot;,&quot;focal_length&quot;:&quot;0&quot;,&quot;iso&quot;:&quot;0&quot;,&quot;shutter_speed&quot;:&quot;0&quot;,&quot;title&quot;:&quot;&quot;,&quot;orientation&quot;:&quot;1&quot;}\" data-image-title=\"annemarie\" data-image-description=\"\" data-image-caption=\"\" data-medium-file=\"https:\/\/i0.wp.com\/www.quartier-waldacker.de\/wp-content\/uploads\/2017\/04\/annemarie.jpg?fit=221%2C300&amp;ssl=1\" data-large-file=\"https:\/\/i0.wp.com\/www.quartier-waldacker.de\/wp-content\/uploads\/2017\/04\/annemarie.jpg?fit=397%2C540&amp;ssl=1\" class=\"alignleft wp-image-13020\" src=\"https:\/\/i0.wp.com\/www.quartier-waldacker.de\/wp-content\/uploads\/2017\/04\/annemarie.jpg?resize=121%2C165&#038;ssl=1\" alt=\"\" width=\"121\" height=\"165\" srcset=\"https:\/\/i0.wp.com\/www.quartier-waldacker.de\/wp-content\/uploads\/2017\/04\/annemarie.jpg?resize=221%2C300&amp;ssl=1 221w, https:\/\/i0.wp.com\/www.quartier-waldacker.de\/wp-content\/uploads\/2017\/04\/annemarie.jpg?w=397&amp;ssl=1 397w\" sizes=\"auto, (max-width: 121px) 100vw, 121px\" \/><\/a>Quartiersangelegenheiten\u00a0 und\u00a0 Organisatorin &#8220;Kulinarische Reise durch<\/strong><\/span><strong><span style=\"font-size: 20px;\"> und um R\u00f6dermark<\/span><\/strong><span style=\"font-size: 14pt; font-family: arial,helvetica,sans-serif;\"><strong>&#8220;<\/strong><\/span><\/p>\n<p><span style=\"font-size: 14pt; font-family: arial,helvetica,sans-serif;\">Annemarie Eck<\/span><\/p>\n<p><span style=\"font-size: 14pt; font-family: arial,helvetica,sans-serif;\">Tel.: <strong>97967<\/strong><\/span><\/p>\n<p><span style=\"font-size: 14pt; font-family: arial,helvetica,sans-serif;\">E-Mail:\u00a0<\/span><span style=\"font-size: 14pt;\"><a href=\"mailto:annemarie@quartier-waldacker.de\"><span style=\"font-family: arial,helvetica,sans-serif;\">annemarie@quartier-waldacker.de<\/span><\/a><br \/>\n<\/span><\/p>\n<hr \/>\n<p><a href=\"https:\/\/i0.wp.com\/www.quartier-waldacker.de\/wp-content\/uploads\/2013\/07\/Johannes100_78.jpg?ssl=1\"><img data-recalc-dims=\"1\" loading=\"lazy\" decoding=\"async\" data-attachment-id=\"2971\" data-permalink=\"https:\/\/www.quartier-waldacker.de\/?attachment_id=2971\" data-orig-file=\"https:\/\/i0.wp.com\/www.quartier-waldacker.de\/wp-content\/uploads\/2013\/07\/Johannes100_78.jpg?fit=78%2C100&amp;ssl=1\" data-orig-size=\"78,100\" data-comments-opened=\"1\" data-image-meta=\"{&quot;aperture&quot;:&quot;2.8&quot;,&quot;credit&quot;:&quot;&quot;,&quot;camera&quot;:&quot;DMC-FZ28&quot;,&quot;caption&quot;:&quot;&quot;,&quot;created_timestamp&quot;:&quot;1374588887&quot;,&quot;copyright&quot;:&quot;&quot;,&quot;focal_length&quot;:&quot;4.8&quot;,&quot;iso&quot;:&quot;100&quot;,&quot;shutter_speed&quot;:&quot;0.02&quot;,&quot;title&quot;:&quot;&quot;}\" data-image-title=\"Johannes100_78\" data-image-description=\"\" data-image-caption=\"\" data-medium-file=\"https:\/\/i0.wp.com\/www.quartier-waldacker.de\/wp-content\/uploads\/2013\/07\/Johannes100_78.jpg?fit=78%2C100&amp;ssl=1\" data-large-file=\"https:\/\/i0.wp.com\/www.quartier-waldacker.de\/wp-content\/uploads\/2013\/07\/Johannes100_78.jpg?fit=78%2C100&amp;ssl=1\" class=\" wp-image-2971 alignleft\" src=\"https:\/\/i0.wp.com\/www.quartier-waldacker.de\/wp-content\/uploads\/2013\/07\/Johannes100_78.jpg?resize=118%2C151&#038;ssl=1\" alt=\"Johannes100_78\" width=\"118\" height=\"151\" \/><\/a><strong>Homepage und PC Hilfestellung<\/strong> <br \/>\nJohannes Ohnesorg<br \/>\nAm Buchrain 8<br \/>\nR\u00f6dermark<br \/>\nTel. 06074-97648<br \/>\nE-Mail:<a href=\"mailto:admin@Quartier-Waldacker.de\" target=\"_blank\" rel=\"noopener noreferrer\"> admin@Quartier-Waldacker.de<\/a><\/p>\n<hr \/>\n<p>&nbsp;<\/p>\n","protected":false},"excerpt":{"rendered":"<p>&nbsp; Quartiersangelegenheiten\u00a0 und\u00a0 Organisatorin &#8220;Kulinarische Reise durch und um R\u00f6dermark&#8220; Annemarie Eck Tel.: 97967 E-Mail:\u00a0annemarie@quartier-waldacker.de Homepage und PC Hilfestellung Johannes Ohnesorg Am Buchrain 8 R\u00f6dermark Tel. 06074-97648 E-Mail: admin@Quartier-Waldacker.de &nbsp;<\/p>\n","protected":false},"author":1,"featured_media":0,"parent":0,"menu_order":0,"comment_status":"closed","ping_status":"closed","template":"","meta":{"generate_page_header":"","footnotes":""},"class_list":["post-11233","page","type-page","status-publish"],"jetpack-related-posts":[{"id":24027,"url":"https:\/\/www.quartier-waldacker.de\/?page_id=24027","url_meta":{"origin":11233,"position":0},"title":"Ansprechpartner\/innen","author":"admin","date":"21. April 2024","format":false,"excerpt":"\u00a0 Arbeitsgruppen Ansprechpartner Kontakt-Adresse HomepageFacebook Johannes OhnesorgBodo Berger admin@quartier-waldacker.debodo@quartier-waldacker.de Quartier-Waldacker ( allgemein) Annemarie Eck annemarie@quartier-waldacker.de Museumstouren Ursula Roebke ursula@quartier-waldacker.de Margret Schierenbeck museumstour@quartier-waldacker.de Nordic Walking Ursula Roebke ursula@quartier-waldacker.de Spazierwandern Margret Schierenbeck museumstour@quartier-waldacker.de smovey-Training Angelika Tank angelika@quartier-waldacker.de Radfahren Gerhard Elsesser gerhard.elsesser@t-online.de Reinhold Harnoth reinhold.harnoth@mail.de Digitale Hilfe Johannes Ohnesorg admin@quartier-waldacker.de Kulinarische Reise durch\u2026","rel":"","context":"Similar post","block_context":{"text":"Similar post","link":""},"img":{"alt_text":"","src":"https:\/\/i0.wp.com\/www.quartier-waldacker.de\/wp-content\/uploads\/2024\/04\/Header_TeamQW.jpg?resize=350%2C200&ssl=1","width":350,"height":200,"srcset":"https:\/\/i0.wp.com\/www.quartier-waldacker.de\/wp-content\/uploads\/2024\/04\/Header_TeamQW.jpg?resize=350%2C200&ssl=1 1x, https:\/\/i0.wp.com\/www.quartier-waldacker.de\/wp-content\/uploads\/2024\/04\/Header_TeamQW.jpg?resize=525%2C300&ssl=1 1.5x, https:\/\/i0.wp.com\/www.quartier-waldacker.de\/wp-content\/uploads\/2024\/04\/Header_TeamQW.jpg?resize=700%2C400&ssl=1 2x, https:\/\/i0.wp.com\/www.quartier-waldacker.de\/wp-content\/uploads\/2024\/04\/Header_TeamQW.jpg?resize=1050%2C600&ssl=1 3x"},"classes":[]},{"id":20874,"url":"https:\/\/www.quartier-waldacker.de\/?page_id=20874","url_meta":{"origin":11233,"position":1},"title":"Gedicht  &#8211; 10 Jahre Quartier-Waldacker","author":"admin","date":"26. Juli 2022","format":false,"excerpt":"\u00a0 Von: Annemarie Eck - Moderatorin der\u00a0 Quartiersgruppe Waldacker 10 Jahre ist die Gruppe alt, die Zeit vergeht, so ist es halt. Noch j\u00fcnger kam auch ich hinzu, seitdem lie\u00df es mich nicht in Ruh'. Mit der BI begann's f\u00fcr mich, mein\u00a0 Bruder litt grad' f\u00fcrchterlich. teilnehmen konnte er grad'\u2026","rel":"","context":"Similar post","block_context":{"text":"Similar post","link":""},"img":{"alt_text":"","src":"https:\/\/i0.wp.com\/www.quartier-waldacker.de\/wp-content\/uploads\/2022\/07\/Header_10JQW.jpg?fit=1200%2C281&ssl=1&resize=350%2C200","width":350,"height":200,"srcset":"https:\/\/i0.wp.com\/www.quartier-waldacker.de\/wp-content\/uploads\/2022\/07\/Header_10JQW.jpg?fit=1200%2C281&ssl=1&resize=350%2C200 1x, https:\/\/i0.wp.com\/www.quartier-waldacker.de\/wp-content\/uploads\/2022\/07\/Header_10JQW.jpg?fit=1200%2C281&ssl=1&resize=525%2C300 1.5x, https:\/\/i0.wp.com\/www.quartier-waldacker.de\/wp-content\/uploads\/2022\/07\/Header_10JQW.jpg?fit=1200%2C281&ssl=1&resize=700%2C400 2x, https:\/\/i0.wp.com\/www.quartier-waldacker.de\/wp-content\/uploads\/2022\/07\/Header_10JQW.jpg?fit=1200%2C281&ssl=1&resize=1050%2C600 3x"},"classes":[]},{"id":9545,"url":"https:\/\/www.quartier-waldacker.de\/?page_id=9545","url_meta":{"origin":11233,"position":2},"title":"Senioren, PC und Internet &#8211; Jahresabschluss 2015","author":"admin","date":"30. Dezember 2015","format":false,"excerpt":"Die Senioren\/innen des Workshop und Kursus \"Senioren, PC und Internet\"\u00a0 verabschieden das erfolgreiche Jahr 2015 in der Gastst\u00e4tte \"Zum Waldacker\" Fotoserie von Joh. Ohnesorg","rel":"","context":"Similar post","block_context":{"text":"Similar post","link":""},"img":{"alt_text":"","src":"https:\/\/i0.wp.com\/www.quartier-waldacker.de\/wp-content\/uploads\/2015\/12\/2015-12-Jahresabschluss-10.jpg?resize=350%2C200","width":350,"height":200,"srcset":"https:\/\/i0.wp.com\/www.quartier-waldacker.de\/wp-content\/uploads\/2015\/12\/2015-12-Jahresabschluss-10.jpg?resize=350%2C200 1x, https:\/\/i0.wp.com\/www.quartier-waldacker.de\/wp-content\/uploads\/2015\/12\/2015-12-Jahresabschluss-10.jpg?resize=525%2C300 1.5x, https:\/\/i0.wp.com\/www.quartier-waldacker.de\/wp-content\/uploads\/2015\/12\/2015-12-Jahresabschluss-10.jpg?resize=700%2C400 2x, https:\/\/i0.wp.com\/www.quartier-waldacker.de\/wp-content\/uploads\/2015\/12\/2015-12-Jahresabschluss-10.jpg?resize=1050%2C600 3x"},"classes":[]},{"id":618,"url":"https:\/\/www.quartier-waldacker.de\/?page_id=618","url_meta":{"origin":11233,"position":3},"title":"Forenregeln (unbedingt lesen)","author":"admin","date":"19. Januar 2013","format":false,"excerpt":"Bevor Sie in den Foren mitwirken wollen, lesen\u00a0\u00a0Sie bitte dieses Dokument\u00a0 aufmerksam durch. Foren regeln Foren brauchen Regeln - so viele wie n\u00f6tig, so wenig wie m\u00f6glich. Die meisten Regeln sind aus rechtlichen Gr\u00fcnden notwendig, einige wenige, um das Zusammenleben auf dem Forum angenehm und erfreulich zu gestalten.. http:\/\/www.drweb.de Die\u2026","rel":"","context":"Similar post","block_context":{"text":"Similar post","link":""},"img":{"alt_text":"","src":"","width":0,"height":0},"classes":[]},{"id":21548,"url":"https:\/\/www.quartier-waldacker.de\/?page_id=21548","url_meta":{"origin":11233,"position":4},"title":"Links","author":"admin","date":"15. Januar 2023","format":false,"excerpt":"\u00dcbersicht Barrierefrei Wheelmap - Rollstuhlgerechte Orte finden.\u00a0 Online-Karte zum Suchen, Finden und Markieren rollstuhlgerechter Orte. Bildung Bundeszentrale f\u00fcr politische Bildung Unser Quartier Online-Gemeinschaften \u00e4lterer Menschen Onleihe die 24-Stunden-Bibliothek Digitale Medien rund um die Uhr downloaden.Nutzen Sie unseren neuen Service der Stadtb\u00fccherei R\u00f6dermark Stadtb\u00fccherei R\u00f6dermarkStadtb\u00fccherei mit ca. 45.000 Medien, darunter Sachb\u00fccher\u2026","rel":"","context":"Similar post","block_context":{"text":"Similar post","link":""},"img":{"alt_text":"","src":"https:\/\/i0.wp.com\/www.quartier-waldacker.de\/wp-content\/uploads\/2017\/01\/Links_bearbeitet-1.jpg?fit=1200%2C281&ssl=1&resize=350%2C200","width":350,"height":200,"srcset":"https:\/\/i0.wp.com\/www.quartier-waldacker.de\/wp-content\/uploads\/2017\/01\/Links_bearbeitet-1.jpg?fit=1200%2C281&ssl=1&resize=350%2C200 1x, https:\/\/i0.wp.com\/www.quartier-waldacker.de\/wp-content\/uploads\/2017\/01\/Links_bearbeitet-1.jpg?fit=1200%2C281&ssl=1&resize=525%2C300 1.5x, https:\/\/i0.wp.com\/www.quartier-waldacker.de\/wp-content\/uploads\/2017\/01\/Links_bearbeitet-1.jpg?fit=1200%2C281&ssl=1&resize=700%2C400 2x, https:\/\/i0.wp.com\/www.quartier-waldacker.de\/wp-content\/uploads\/2017\/01\/Links_bearbeitet-1.jpg?fit=1200%2C281&ssl=1&resize=1050%2C600 3x"},"classes":[]},{"id":18174,"url":"https:\/\/www.quartier-waldacker.de\/?page_id=18174","url_meta":{"origin":11233,"position":5},"title":"Datenschutzerkl\u00e4rung","author":"admin","date":"21. Mai 2018","format":false,"excerpt":"Diese Datenschutzerkl\u00e4rung kl\u00e4rt Sie \u00fcber die Art, den Umfang und Zweck der Verarbeitung von personenbezogenen Daten (nachfolgend kurz \u201eDaten\u201c) innerhalb unseres Onlineangebotes und der mit ihm verbundenen Webseiten, Funktionen und Inhalte sowie externen Onlinepr\u00e4senzen, wie z.B. unser Social Media Profile auf (nachfolgend gemeinsam bezeichnet als \u201eOnlineangebot\u201c). Im Hinblick auf die\u2026","rel":"","context":"Similar post","block_context":{"text":"Similar post","link":""},"img":{"alt_text":"","src":"","width":0,"height":0},"classes":[]}],"jetpack_sharing_enabled":true,"rttpg_featured_image_url":null,"rttpg_author":{"display_name":"admin","author_link":"https:\/\/www.quartier-waldacker.de\/?author=1"},"rttpg_comment":0,"rttpg_category":null,"rttpg_excerpt":"&nbsp; Quartiersangelegenheiten\u00a0 und\u00a0 Organisatorin &#8220;Kulinarische Reise durch und um R\u00f6dermark&#8220; Annemarie Eck Tel.: 97967 E-Mail:\u00a0annemarie@quartier-waldacker.de Homepage und PC Hilfestellung Johannes Ohnesorg Am Buchrain 8 R\u00f6dermark Tel. 06074-97648 E-Mail: admin@Quartier-Waldacker.de &nbsp;","_links":{"self":[{"href":"https:\/\/www.quartier-waldacker.de\/index.php?rest_route=\/wp\/v2\/pages\/11233","targetHints":{"allow":["GET"]}}],"collection":[{"href":"https:\/\/www.quartier-waldacker.de\/index.php?rest_route=\/wp\/v2\/pages"}],"about":[{"href":"https:\/\/www.quartier-waldacker.de\/index.php?rest_route=\/wp\/v2\/types\/page"}],"author":[{"embeddable":true,"href":"https:\/\/www.quartier-waldacker.de\/index.php?rest_route=\/wp\/v2\/users\/1"}],"replies":[{"embeddable":true,"href":"https:\/\/www.quartier-waldacker.de\/index.php?rest_route=%2Fwp%2Fv2%2Fcomments&post=11233"}],"version-history":[{"count":0,"href":"https:\/\/www.quartier-waldacker.de\/index.php?rest_route=\/wp\/v2\/pages\/11233\/revisions"}],"wp:attachment":[{"href":"https:\/\/www.quartier-waldacker.de\/index.php?rest_route=%2Fwp%2Fv2%2Fmedia&parent=11233"}],"curies":[{"name":"wp","href":"https:\/\/api.w.org\/{rel}","templated":true}]}}